{"id":1299,"date":"2023-02-15T16:45:51","date_gmt":"2023-02-15T15:45:51","guid":{"rendered":"https:\/\/a-hike.ch\/schulen\/"},"modified":"2023-04-26T13:53:09","modified_gmt":"2023-04-26T11:53:09","slug":"schulen","status":"publish","type":"page","link":"https:\/\/a-hike.ch\/de\/schulen\/","title":{"rendered":"Schulen"},"content":{"rendered":"<script type=\"text\/javascript\">\n\/* <![CDATA[ *\/\nvar gform;gform||(document.addEventListener(\"gform_main_scripts_loaded\",function(){gform.scriptsLoaded=!0}),document.addEventListener(\"gform\/theme\/scripts_loaded\",function(){gform.themeScriptsLoaded=!0}),window.addEventListener(\"DOMContentLoaded\",function(){gform.domLoaded=!0}),gform={domLoaded:!1,scriptsLoaded:!1,themeScriptsLoaded:!1,isFormEditor:()=>\"function\"==typeof InitializeEditor,callIfLoaded:function(o){return!(!gform.domLoaded||!gform.scriptsLoaded||!gform.themeScriptsLoaded&&!gform.isFormEditor()||(gform.isFormEditor()&&console.warn(\"The use of gform.initializeOnLoaded() is deprecated in the form editor context and will be removed in Gravity Forms 3.1.\"),o(),0))},initializeOnLoaded:function(o){gform.callIfLoaded(o)||(document.addEventListener(\"gform_main_scripts_loaded\",()=>{gform.scriptsLoaded=!0,gform.callIfLoaded(o)}),document.addEventListener(\"gform\/theme\/scripts_loaded\",()=>{gform.themeScriptsLoaded=!0,gform.callIfLoaded(o)}),window.addEventListener(\"DOMContentLoaded\",()=>{gform.domLoaded=!0,gform.callIfLoaded(o)}))},hooks:{action:{},filter:{}},addAction:function(o,r,e,t){gform.addHook(\"action\",o,r,e,t)},addFilter:function(o,r,e,t){gform.addHook(\"filter\",o,r,e,t)},doAction:function(o){gform.doHook(\"action\",o,arguments)},applyFilters:function(o){return gform.doHook(\"filter\",o,arguments)},removeAction:function(o,r){gform.removeHook(\"action\",o,r)},removeFilter:function(o,r,e){gform.removeHook(\"filter\",o,r,e)},addHook:function(o,r,e,t,n){null==gform.hooks[o][r]&&(gform.hooks[o][r]=[]);var d=gform.hooks[o][r];null==n&&(n=r+\"_\"+d.length),gform.hooks[o][r].push({tag:n,callable:e,priority:t=null==t?10:t})},doHook:function(r,o,e){var t;if(e=Array.prototype.slice.call(e,1),null!=gform.hooks[r][o]&&((o=gform.hooks[r][o]).sort(function(o,r){return o.priority-r.priority}),o.forEach(function(o){\"function\"!=typeof(t=o.callable)&&(t=window[t]),\"action\"==r?t.apply(null,e):e[0]=t.apply(null,e)})),\"filter\"==r)return e[0]},removeHook:function(o,r,t,n){var e;null!=gform.hooks[o][r]&&(e=(e=gform.hooks[o][r]).filter(function(o,r,e){return!!(null!=n&&n!=o.tag||null!=t&&t!=o.priority)}),gform.hooks[o][r]=e)}});\n\/* ]]> *\/\n<\/script>\n\n                <div class='gf_browser_gecko gform_wrapper gravity-theme gform-theme--no-framework' data-form-theme='gravity-theme' data-form-index='0' id='gform_wrapper_5' >\n                        <div class='gform_heading'>\n                            <h2 class=\"gform_title\">Ausfl\u00fcge f\u00fcr Schulen<\/h2>\n                            <p class='gform_description'><\/p>\n                        <\/div><form method='post' enctype='multipart\/form-data'  id='gform_5'  action='\/de\/wp-json\/wp\/v2\/pages\/1299' data-formid='5' novalidate>\n                        <div class='gform-body gform_body'><div id='gform_fields_5' class='gform_fields top_label form_sublabel_below description_below validation_below'><div id=\"field_5_20\" class=\"gfield gfield--type-honeypot gform_validation_container field_sublabel_below gfield--has-description field_description_below field_validation_below gfield_visibility_visible\"  ><label class='gfield_label gform-field-label' for='input_5_20'>Name<\/label><div class='ginput_container'><input name='input_20' id='input_5_20' type='text' value='' autocomplete='new-password'\/><\/div><div class='gfield_description' id='gfield_description_5_20'>Dieses Feld dient zur Validierung und sollte nicht ver\u00e4ndert werden.<\/div><\/div><div id=\"field_5_1\" class=\"gfield gfield--type-text gfield--width-half field_sublabel_below gfield--no-description field_description_below field_validation_below gfield_visibility_visible\"  ><label class='gfield_label gform-field-label' for='input_5_1'>Vorname<\/label><div class='ginput_container ginput_container_text'><input name='input_1' id='input_5_1' type='text' value='' class='large'      aria-invalid=\"false\"   \/><\/div><\/div><div id=\"field_5_3\" class=\"gfield gfield--type-text gfield--width-half field_sublabel_below gfield--no-description field_description_below field_validation_below gfield_visibility_visible\"  ><label class='gfield_label gform-field-label' for='input_5_3'>Nachname <\/label><div class='ginput_container ginput_container_text'><input name='input_3' id='input_5_3' type='text' value='' class='large'      aria-invalid=\"false\"   \/><\/div><\/div><div id=\"field_5_4\" class=\"gfield gfield--type-phone gfield--width-half field_sublabel_below gfield--no-description field_description_below field_validation_below gfield_visibility_visible\"  ><label class='gfield_label gform-field-label' for='input_5_4'>Telefonnummer (tags\u00fcber)<\/label><div class='ginput_container ginput_container_phone'><input name='input_4' id='input_5_4' type='tel' value='' class='large'    aria-invalid=\"false\"   \/><\/div><\/div><div id=\"field_5_5\" class=\"gfield gfield--type-phone gfield--width-half field_sublabel_below gfield--no-description field_description_below field_validation_below gfield_visibility_visible\"  ><label class='gfield_label gform-field-label' for='input_5_5'>Telefonnummer (abends)<\/label><div class='ginput_container ginput_container_phone'><input name='input_5' id='input_5_5' type='tel' value='' class='large'    aria-invalid=\"false\"   \/><\/div><\/div><div id=\"field_5_6\" class=\"gfield gfield--type-email gfield--width-half field_sublabel_below gfield--no-description field_description_below field_validation_below gfield_visibility_visible\"  ><label class='gfield_label gform-field-label' for='input_5_6'>E-Mail<\/label><div class='ginput_container ginput_container_email'>\n                            <input name='input_6' id='input_5_6' type='email' value='' class='large'     aria-invalid=\"false\"  \/>\n                        <\/div><\/div><div id=\"field_5_7\" class=\"gfield gfield--type-text gfield--width-half field_sublabel_below gfield--no-description field_description_below field_validation_below gfield_visibility_visible\"  ><label class='gfield_label gform-field-label' for='input_5_7'>Funktion<\/label><div class='ginput_container ginput_container_text'><input name='input_7' id='input_5_7' type='text' value='' class='large'      aria-invalid=\"false\"   \/><\/div><\/div><div id=\"field_5_9\" class=\"gfield gfield--type-text gfield--width-half field_sublabel_below gfield--no-description field_description_below field_validation_below gfield_visibility_visible\"  ><label class='gfield_label gform-field-label' for='input_5_9'>Name der Klasse<\/label><div class='ginput_container ginput_container_text'><input name='input_9' id='input_5_9' type='text' value='' class='large'      aria-invalid=\"false\"   \/><\/div><\/div><div id=\"field_5_10\" class=\"gfield gfield--type-text gfield--width-half field_sublabel_below gfield--no-description field_description_below field_validation_below gfield_visibility_visible\"  ><label class='gfield_label gform-field-label' for='input_5_10'>Unterrichtsort<\/label><div class='ginput_container ginput_container_text'><input name='input_10' id='input_5_10' type='text' value='' class='large'      aria-invalid=\"false\"   \/><\/div><\/div><div id=\"field_5_11\" class=\"gfield gfield--type-text gfield--width-half field_sublabel_below gfield--no-description field_description_below field_validation_below gfield_visibility_visible\"  ><label class='gfield_label gform-field-label' for='input_5_11'>Anzahl Personen<\/label><div class='ginput_container ginput_container_text'><input name='input_11' id='input_5_11' type='text' value='' class='large'      aria-invalid=\"false\"   \/><\/div><\/div><div id=\"field_5_12\" class=\"gfield gfield--type-text gfield--width-half field_sublabel_below gfield--no-description field_description_below field_validation_below gfield_visibility_visible\"  ><label class='gfield_label gform-field-label' for='input_5_12'>Schwierigkeitsgrad<\/label><div class='ginput_container ginput_container_text'><input name='input_12' id='input_5_12' type='text' value='' class='large'      aria-invalid=\"false\"   \/><\/div><\/div><div id=\"field_5_13\" class=\"gfield gfield--type-text gfield--width-half field_sublabel_below gfield--no-description field_description_below field_validation_below gfield_visibility_visible\"  ><label class='gfield_label gform-field-label' for='input_5_13'>Budget<\/label><div class='ginput_container ginput_container_text'><input name='input_13' id='input_5_13' type='text' value='' class='large'      aria-invalid=\"false\"   \/><\/div><\/div><div id=\"field_5_14\" class=\"gfield gfield--type-text gfield--width-half field_sublabel_below gfield--no-description field_description_below field_validation_below gfield_visibility_visible\"  ><label class='gfield_label gform-field-label' for='input_5_14'>Datum \/ Dauer<\/label><div class='ginput_container ginput_container_text'><input name='input_14' id='input_5_14' type='text' value='' class='large'      aria-invalid=\"false\"   \/><\/div><\/div><fieldset id=\"field_5_16\" class=\"gfield gfield--type-checkbox gfield--type-choice gfield--width-full field_sublabel_below gfield--no-description field_description_below field_validation_below gfield_visibility_visible\"  ><legend class='gfield_label gform-field-label gfield_label_before_complex' >Auflistung der gew\u00fcnschten Themen<\/legend><div class='ginput_container ginput_container_checkbox'><div class='gfield_checkbox ' id='input_5_16'><div class='gchoice gchoice_5_16_1'>\n\t\t\t\t\t\t\t\t<input class='gfield-choice-input' name='input_16.1' type='checkbox'  value='Tierspuren und -hinweise in der Natur erkennen. Abdruck einer Fu\u00dfspur anfertigen (1.\u201311. Klasse)'  id='choice_5_16_1'   \/>\n\t\t\t\t\t\t\t\t<label for='choice_5_16_1' id='label_5_16_1' class='gform-field-label gform-field-label--type-inline'>Tierspuren und -hinweise in der Natur erkennen. Abdruck einer Fu\u00dfspur anfertigen (1.\u201311. Klasse)<\/label>\n\t\t\t\t\t\t\t<\/div><div class='gchoice gchoice_5_16_2'>\n\t\t\t\t\t\t\t\t<input class='gfield-choice-input' name='input_16.2' type='checkbox'  value='Nutze deine f\u00fcnf Sinne, um die Natur zu entdecken. Schau, h\u00f6re, f\u00fchle, schmecke und kreiere dein eigenes Parf\u00fcm (1.\u201311. Klasse)'  id='choice_5_16_2'   \/>\n\t\t\t\t\t\t\t\t<label for='choice_5_16_2' id='label_5_16_2' class='gform-field-label gform-field-label--type-inline'>Nutze deine f\u00fcnf Sinne, um die Natur zu entdecken. Schau, h\u00f6re, f\u00fchle, schmecke und kreiere dein eigenes Parf\u00fcm (1.\u201311. Klasse)<\/label>\n\t\t\t\t\t\t\t<\/div><div class='gchoice gchoice_5_16_3'>\n\t\t\t\t\t\t\t\t<input class='gfield-choice-input' name='input_16.3' type='checkbox'  value='Die verschiedenen Lebensr\u00e4ume und ihr Zusammenspiel entdecken (1.\u201311. Klasse)'  id='choice_5_16_3'   \/>\n\t\t\t\t\t\t\t\t<label for='choice_5_16_3' id='label_5_16_3' class='gform-field-label gform-field-label--type-inline'>Die verschiedenen Lebensr\u00e4ume und ihr Zusammenspiel entdecken (1.\u201311. Klasse)<\/label>\n\t\t\t\t\t\t\t<\/div><div class='gchoice gchoice_5_16_4'>\n\t\t\t\t\t\t\t\t<input class='gfield-choice-input' name='input_16.4' type='checkbox'  value='Kunstwerke aus Naturmaterialien basteln. Erinnerungsfoto zum Mitnehmen (5.\u201311. Klasse)'  id='choice_5_16_4'   \/>\n\t\t\t\t\t\t\t\t<label for='choice_5_16_4' id='label_5_16_4' class='gform-field-label gform-field-label--type-inline'>Kunstwerke aus Naturmaterialien basteln. Erinnerungsfoto zum Mitnehmen (5.\u201311. Klasse)<\/label>\n\t\t\t\t\t\t\t<\/div><div class='gchoice gchoice_5_16_5'>\n\t\t\t\t\t\t\t\t<input class='gfield-choice-input' name='input_16.5' type='checkbox'  value='Wildtiere in ihrer nat\u00fcrlichen Umgebung beobachten: Biber (ab der 5. Klasse)'  id='choice_5_16_5'   \/>\n\t\t\t\t\t\t\t\t<label for='choice_5_16_5' id='label_5_16_5' class='gform-field-label gform-field-label--type-inline'>Wildtiere in ihrer nat\u00fcrlichen Umgebung beobachten: Biber (ab der 5. Klasse)<\/label>\n\t\t\t\t\t\t\t<\/div><div class='gchoice gchoice_5_16_6'>\n\t\t\t\t\t\t\t\t<input class='gfield-choice-input' name='input_16.6' type='checkbox'  value='Wildtiere in ihrer nat\u00fcrlichen Umgebung beobachten: Murmeltiere und G\u00e4msen (ab der 5. Klasse)'  id='choice_5_16_6'   \/>\n\t\t\t\t\t\t\t\t<label for='choice_5_16_6' id='label_5_16_6' class='gform-field-label gform-field-label--type-inline'>Wildtiere in ihrer nat\u00fcrlichen Umgebung beobachten: Murmeltiere und G\u00e4msen (ab der 5. Klasse)<\/label>\n\t\t\t\t\t\t\t<\/div><div class='gchoice gchoice_5_16_7'>\n\t\t\t\t\t\t\t\t<input class='gfield-choice-input' name='input_16.7' type='checkbox'  value='Wildtiere in ihrer nat\u00fcrlichen Umgebung beobachten: Milane und Raubv\u00f6gel (ab der 5. Klasse)'  id='choice_5_16_7'   \/>\n\t\t\t\t\t\t\t\t<label for='choice_5_16_7' id='label_5_16_7' class='gform-field-label gform-field-label--type-inline'>Wildtiere in ihrer nat\u00fcrlichen Umgebung beobachten: Milane und Raubv\u00f6gel (ab der 5. Klasse)<\/label>\n\t\t\t\t\t\t\t<\/div><div class='gchoice gchoice_5_16_8'>\n\t\t\t\t\t\t\t\t<input class='gfield-choice-input' name='input_16.8' type='checkbox'  value='Ein paar einfache Gerichte mit Wildkr\u00e4utern zubereiten (1.\u20138. Klasse)'  id='choice_5_16_8'   \/>\n\t\t\t\t\t\t\t\t<label for='choice_5_16_8' id='label_5_16_8' class='gform-field-label gform-field-label--type-inline'>Ein paar einfache Gerichte mit Wildkr\u00e4utern zubereiten (1.\u20138. Klasse)<\/label>\n\t\t\t\t\t\t\t<\/div><div class='gchoice gchoice_5_16_9'>\n\t\t\t\t\t\t\t\t<input class='gfield-choice-input' name='input_16.9' type='checkbox'  value='Butter, K\u00e4se und Joghurt selber machen (3.\u20138. Klasse)'  id='choice_5_16_9'   \/>\n\t\t\t\t\t\t\t\t<label for='choice_5_16_9' id='label_5_16_9' class='gform-field-label gform-field-label--type-inline'>Butter, K\u00e4se und Joghurt selber machen (3.\u20138. Klasse)<\/label>\n\t\t\t\t\t\t\t<\/div><div class='gchoice gchoice_5_16_11'>\n\t\t\t\t\t\t\t\t<input class='gfield-choice-input' name='input_16.11' type='checkbox'  value='Getreide aus der Region und aus aller Welt entdecken. Brot selbst backen (3.\u20138. Klasse)'  id='choice_5_16_11'   \/>\n\t\t\t\t\t\t\t\t<label for='choice_5_16_11' id='label_5_16_11' class='gform-field-label gform-field-label--type-inline'>Getreide aus der Region und aus aller Welt entdecken. Brot selbst backen (3.\u20138. Klasse)<\/label>\n\t\t\t\t\t\t\t<\/div><div class='gchoice gchoice_5_16_12'>\n\t\t\t\t\t\t\t\t<input class='gfield-choice-input' name='input_16.12' type='checkbox'  value='Schl\u00fcpfe in die Haut eines Trappers und baue dir eine Unterkunft, z\u00fcnde dein Feuer an\u2026 (ab der 8. Klasse)'  id='choice_5_16_12'   \/>\n\t\t\t\t\t\t\t\t<label for='choice_5_16_12' id='label_5_16_12' class='gform-field-label gform-field-label--type-inline'>Schl\u00fcpfe in die Haut eines Trappers und baue dir eine Unterkunft, z\u00fcnde dein Feuer an\u2026 (ab der 8. Klasse)<\/label>\n\t\t\t\t\t\t\t<\/div><\/div><\/div><\/fieldset><div id=\"field_5_19\" class=\"gfield gfield--type-html gfield--width-full gfield_html gfield_html_formatted gfield_no_follows_desc field_sublabel_below gfield--no-description field_description_below field_validation_below gfield_visibility_visible\"  ><p>Diese Themen sind Anregungen, die Ihnen helfen sollen, so viele Ausfl\u00fcge im Freien wie m\u00f6glich zu unternehmen, sofern es das Wetter und Ihre Vorbereitung zulassen. Sie k\u00f6nnen den Inhalt der Ausfl\u00fcge gerne gemeinsam mit Ihrer Begleitperson anpassen, damit sie der Dynamik der Klasse entspricht und den Erwartungen bestm\u00f6glich entgegenkommt. Die HarmoS-Angaben stellen eine nicht abschliessende Orientierungshilfe dar.<\/p>\r\n<p>\r\nDie Preise variieren je nach Dauer und liegen zwischen CHF 450.\u2013 f\u00fcr einen ganzen Tag und CHF 330.\u2013 f\u00fcr einen halben Tag mit einer Dauer von 3 Stunden. Dies h\u00e4ngt auch vom gew\u00e4hlten Ort und Thema ab. <\/p><\/div><div id=\"field_5_15\" class=\"gfield gfield--type-textarea gfield--width-full field_sublabel_below gfield--no-description field_description_below field_validation_below gfield_visibility_visible\"  ><label class='gfield_label gform-field-label' for='input_5_15'>Andere W\u00fcnsche \/ wichtige Ziele<\/label><div class='ginput_container ginput_container_textarea'><textarea name='input_15' id='input_5_15' class='textarea large'      aria-invalid=\"false\"   rows='10' cols='50'><\/textarea><\/div><\/div><\/div><\/div>\n        <div class='gform-footer gform_footer top_label'> <input type='submit' id='gform_submit_button_5' class='gform_button button' onclick='gform.submission.handleButtonClick(this);' data-submission-type='submit' value='Senden'  \/> \n            <input type='hidden' class='gform_hidden' name='gform_submission_method' data-js='gform_submission_method_5' value='postback' \/>\n            <input type='hidden' class='gform_hidden' name='gform_theme' data-js='gform_theme_5' id='gform_theme_5' value='gravity-theme' \/>\n            <input type='hidden' class='gform_hidden' name='gform_style_settings' data-js='gform_style_settings_5' id='gform_style_settings_5' value='[]' \/>\n            <input type='hidden' class='gform_hidden' name='is_submit_5' value='1' \/>\n            <input type='hidden' class='gform_hidden' name='gform_submit' value='5' \/>\n            \n            <input type='hidden' class='gform_hidden' name='gform_currency' data-currency='CHF' value='vPAnYFN6DAPllTUs0vOVpu\/\/L9R9jNcMsVdkmx\/hMAJCyJs106UD21XYdT5wfxsNZTI8soY2aMA7eWtkvV6qrrw9X8YB+PVcU9qTNwUZawRQnHo=' \/>\n            <input type='hidden' class='gform_hidden' name='gform_unique_id' value='' \/>\n            <input type='hidden' class='gform_hidden' name='state_5' value='WyJbXSIsIjY5Y2E3OGNlYjRiY2VmOTY1NDE0NTc1YzhlMmI5NjY3Il0=' \/>\n            <input type='hidden' autocomplete='off' class='gform_hidden' name='gform_target_page_number_5' id='gform_target_page_number_5' value='0' \/>\n            <input type='hidden' autocomplete='off' class='gform_hidden' name='gform_source_page_number_5' id='gform_source_page_number_5' value='1' \/>\n            <input type='hidden' name='gform_field_values' value='' \/>\n            \n        <\/div>\n                        <input type=\"hidden\" id=\"ct_checkjs_ede7e2b6d13a41ddf9f4bdef84fdc737\" name=\"ct_checkjs\" value=\"0\" \/><script >setTimeout(function(){var ct_input_name = \"ct_checkjs_ede7e2b6d13a41ddf9f4bdef84fdc737\";if (document.getElementById(ct_input_name) !== null) {var ct_input_value = document.getElementById(ct_input_name).value;document.getElementById(ct_input_name).value = document.getElementById(ct_input_name).value.replace(ct_input_value, '68def406de18828ea0a24e3775e8dd6f028207090b82e3ea18ac7cde8de75de9');}}, 1000);<\/script><input\n                    class=\"apbct_special_field apbct_email_id__gravity_form\"\n                    name=\"apbct__email_id__gravity_form\"\n                    aria-label=\"apbct__label_id__gravity_form\"\n                    type=\"text\" size=\"30\" maxlength=\"200\" autocomplete=\"off\"\n                    value=\"\"\n                \/><\/form>\n                        <\/div><script type=\"text\/javascript\">\n\/* <![CDATA[ *\/\n gform.initializeOnLoaded( function() {gformInitSpinner( 5, 'https:\/\/a-hike.ch\/wp-content\/plugins\/gravityforms\/images\/spinner.svg', true );jQuery('#gform_ajax_frame_5').on('load',function(){var contents = jQuery(this).contents().find('*').html();var is_postback = contents.indexOf('GF_AJAX_POSTBACK') >= 0;if(!is_postback){return;}var form_content = jQuery(this).contents().find('#gform_wrapper_5');var is_confirmation = jQuery(this).contents().find('#gform_confirmation_wrapper_5').length > 0;var is_redirect = contents.indexOf('gformRedirect(){') >= 0;var is_form = form_content.length > 0 && ! is_redirect && ! is_confirmation;var mt = parseInt(jQuery('html').css('margin-top'), 10) + parseInt(jQuery('body').css('margin-top'), 10) + 100;if(is_form){jQuery('#gform_wrapper_5').html(form_content.html());if(form_content.hasClass('gform_validation_error')){jQuery('#gform_wrapper_5').addClass('gform_validation_error');} else {jQuery('#gform_wrapper_5').removeClass('gform_validation_error');}setTimeout( function() { \/* delay the scroll by 50 milliseconds to fix a bug in chrome *\/  }, 50 );if(window['gformInitDatepicker']) {gformInitDatepicker();}if(window['gformInitPriceFields']) {gformInitPriceFields();}var current_page = jQuery('#gform_source_page_number_5').val();gformInitSpinner( 5, 'https:\/\/a-hike.ch\/wp-content\/plugins\/gravityforms\/images\/spinner.svg', true );jQuery(document).trigger('gform_page_loaded', [5, current_page]);window['gf_submitting_5'] = false;}else if(!is_redirect){var confirmation_content = jQuery(this).contents().find('.GF_AJAX_POSTBACK').html();if(!confirmation_content){confirmation_content = contents;}jQuery('#gform_wrapper_5').replaceWith(confirmation_content);jQuery(document).trigger('gform_confirmation_loaded', [5]);window['gf_submitting_5'] = false;wp.a11y.speak(jQuery('#gform_confirmation_message_5').text());}else{jQuery('#gform_5').append(contents);if(window['gformRedirect']) {gformRedirect();}}jQuery(document).trigger(\"gform_pre_post_render\", [{ formId: \"5\", currentPage: \"current_page\", abort: function() { this.preventDefault(); } }]);        if (event && event.defaultPrevented) {                return;        }        const gformWrapperDiv = document.getElementById( \"gform_wrapper_5\" );        if ( gformWrapperDiv ) {            const visibilitySpan = document.createElement( \"span\" );            visibilitySpan.id = \"gform_visibility_test_5\";            gformWrapperDiv.insertAdjacentElement( \"afterend\", visibilitySpan );        }        const visibilityTestDiv = document.getElementById( \"gform_visibility_test_5\" );        let postRenderFired = false;        function triggerPostRender() {            if ( postRenderFired ) {                return;            }            postRenderFired = true;            gform.core.triggerPostRenderEvents( 5, current_page );            if ( visibilityTestDiv ) {                visibilityTestDiv.parentNode.removeChild( visibilityTestDiv );            }        }        function debounce( func, wait, immediate ) {            var timeout;            return function() {                var context = this, args = arguments;                var later = function() {                    timeout = null;                    if ( !immediate ) func.apply( context, args );                };                var callNow = immediate && !timeout;                clearTimeout( timeout );                timeout = setTimeout( later, wait );                if ( callNow ) func.apply( context, args );            };        }        const debouncedTriggerPostRender = debounce( function() {            triggerPostRender();        }, 200 );        if ( visibilityTestDiv && visibilityTestDiv.offsetParent === null ) {            const observer = new MutationObserver( ( mutations ) => {                mutations.forEach( ( mutation ) => {                    if ( mutation.type === 'attributes' && visibilityTestDiv.offsetParent !== null ) {                        debouncedTriggerPostRender();                        observer.disconnect();                    }                });            });            observer.observe( document.body, {                attributes: true,                childList: false,                subtree: true,                attributeFilter: [ 'style', 'class' ],            });        } else {            triggerPostRender();        }    } );} ); \n\/* ]]> *\/\n<\/script>\n\n\n\n<p><\/p>\n","protected":false},"excerpt":{"rendered":"","protected":false},"author":1,"featured_media":1014,"parent":0,"menu_order":4,"comment_status":"closed","ping_status":"closed","template":"template-custom-hike.php","meta":{"_acf_changed":false,"footnotes":""},"class_list":["post-1299","page","type-page","status-publish","has-post-thumbnail","hentry"],"acf":[],"_links":{"self":[{"href":"https:\/\/a-hike.ch\/de\/wp-json\/wp\/v2\/pages\/1299","targetHints":{"allow":["GET"]}}],"collection":[{"href":"https:\/\/a-hike.ch\/de\/wp-json\/wp\/v2\/pages"}],"about":[{"href":"https:\/\/a-hike.ch\/de\/wp-json\/wp\/v2\/types\/page"}],"author":[{"embeddable":true,"href":"https:\/\/a-hike.ch\/de\/wp-json\/wp\/v2\/users\/1"}],"replies":[{"embeddable":true,"href":"https:\/\/a-hike.ch\/de\/wp-json\/wp\/v2\/comments?post=1299"}],"version-history":[{"count":1,"href":"https:\/\/a-hike.ch\/de\/wp-json\/wp\/v2\/pages\/1299\/revisions"}],"predecessor-version":[{"id":1300,"href":"https:\/\/a-hike.ch\/de\/wp-json\/wp\/v2\/pages\/1299\/revisions\/1300"}],"wp:featuredmedia":[{"embeddable":true,"href":"https:\/\/a-hike.ch\/de\/wp-json\/wp\/v2\/media\/1014"}],"wp:attachment":[{"href":"https:\/\/a-hike.ch\/de\/wp-json\/wp\/v2\/media?parent=1299"}],"curies":[{"name":"wp","href":"https:\/\/api.w.org\/{rel}","templated":true}]}}