{"id":1309,"date":"2023-02-28T16:31:06","date_gmt":"2023-02-28T15:31:06","guid":{"rendered":"https:\/\/a-hike.ch\/philosophie\/"},"modified":"2023-05-30T13:57:11","modified_gmt":"2023-05-30T11:57:11","slug":"philosophie","status":"publish","type":"page","link":"https:\/\/a-hike.ch\/de\/philosophie\/","title":{"rendered":"Philosophie"},"content":{"rendered":"\n<p class=\"has-large-font-size\">a-Hike hat das Ziel, &#8222;das Wilde in uns wieder zu erwecken&#8220;<\/p>\n\n\n\n<p class=\"has-medium-font-size\">durch Wissensvermittlung und gesellige Momente, die sich insbesondere auf die vier Elemente konzentrieren: :<\/p>\n\n\n\n<ul class=\"wp-block-list\">\n<li><strong>Feuerelement<\/strong> : Die Entwicklung von Wanderangeboten und Freizeitaktivit\u00e4ten mit einem starken thematischen Schwerpunkt ;<\/li>\n\n\n\n<li><strong>Element Luft<\/strong> : Die F\u00f6rderung, \u00fcber eine Internetplattform und verschiedene Kommunikationskan\u00e4le von Naturangeboten ;<\/li>\n\n\n\n<li><strong>Element Erde<\/strong> : Die Zusammenarbeit mit verschiedenen Partnern auf regionaler und nationaler Ebene, die sich f\u00fcr den \u00f6kologischen Wandel einsetzen;<\/li>\n\n\n\n<li><strong>Element Wasser<\/strong> : Das Wandern als Leitmotiv und Tr\u00e4ger von Werten wie Respekt, Verbundenheit und \u00dcberfluss.<\/li>\n<\/ul>\n\n\n\n<p><br><strong>Die Wurzeln unserer Philosophie sind :<\/strong><br><br><strong>Abondanz<\/strong><br>Garantierte Grundbed\u00fcrfnisse: Nahrung, Sicherheit, Liebe. Spontaneit\u00e4t und wohlwollender Humor stehen im Vordergrund. Entlohnung, die die geleistete Arbeit wertsch\u00e4tzt.<\/p>\n\n\n\n<p><strong>Geschenk an die Natur<\/strong><br>Unsere Zeit und F\u00fcrsorge der Natur schenken: ein Beitrag zur Erh\u00f6hung der Artenvielfalt. a-Hike bevorzugt die Anreise mit \u00f6ffentlichen Verkehrsmitteln. Weitere Ma\u00dfnahmen im Einklang mit unseren Verpflichtungen werden hier vorgestellt (Projekt in Corg\u00e9mont, Fahrgemeinschaften werden als Alternative zu Fahrten mit \u00f6ffentlichen Verkehrsmitteln angeboten).<\/p>\n\n\n\n<p><strong>Respekt<\/strong><br>Unterschiedlichkeit wird respektiert: Jeder leidenschaftliche Mensch hat seinen Platz, er bringt sich in das Unternehmen ein und vermittelt seine Werte. Die Guides sind selbstst\u00e4ndige Personen, die sich an den Werten des a-Hike-Projekts beteiligen.<\/p>\n\n\n\n<p><strong>Resilienz<\/strong><br>Beobachtung, Zuh\u00f6ren und Erlernen einer von der Natur inspirierten Beweglichkeit. a-Hike hat eine der Umgebung angemessene Gr\u00f6\u00dfe und die Anzahl der angebotenen Touren spiegelt die Nachfrage wider. Wertsch\u00e4tzung der Pausenzeiten.<\/p>\n\n\n\n<p><strong>Wandern<\/strong><br>Bewegung steht im Mittelpunkt von Naturereignissen. Das Gehen ist eine Offenbarung der in jedem von uns verborgenen Macht. Die Verbindung mit unseren nomadischen Vorfahren erm\u00f6glicht es uns, uns auf das Wesentliche zu konzentrieren. Sich selbst in Frage stellen oder die Bequemlichkeit der Sesshaften aufwerten.<\/p>\n\n\n\n<p><strong>Sichtbare und unsichtbare Verbindung<\/strong><br>In die Natur eintauchen, um neue Energie zu tanken. Sich von B\u00e4umen inspirieren lassen: in der Erde verwurzelt und mit dem Universum verbunden: regionale Verankerung und nationale Sichtbarkeit.<\/p>\n\n\n\n<p><strong>Den gro\u00dfen Traum wagen<\/strong><br>Sich von Vorfahren, Weisen und Kindern inspirieren lassen, um die n\u00e4chste mutige Entscheidung zu wagen. Die Angst akzeptieren, die sich dahinter verbirgt. Stolz auf den zur\u00fcckgelegten Weg sein. Einen Fu\u00df vor den anderen setzen, um die Distanz zwischen den Tr\u00e4umen von gestern und den Haltungen von morgen zu verringern.<\/p>\n\n\n\n<p><\/p>\n","protected":false},"excerpt":{"rendered":"<p>a-Hike hat das Ziel, &#8222;das Wilde in uns wieder zu erwecken&#8220; durch Wissensvermittlung und gesellige Momente, die sich insbesondere auf die vier Elemente konzentrieren: : Die Wurzeln unserer Philosophie sind : AbondanzGarantierte Grundbed\u00fcrfnisse: Nahrung, Sicherheit, Liebe. Spontaneit\u00e4t und wohlwollender Humor stehen im Vordergrund. Entlohnung, die die geleistete Arbeit wertsch\u00e4tzt. Geschenk an die NaturUnsere Zeit und [&hellip;]<\/p>\n","protected":false},"author":2,"featured_media":0,"parent":0,"menu_order":6,"comment_status":"closed","ping_status":"closed","template":"","meta":{"_acf_changed":false,"footnotes":""},"class_list":["post-1309","page","type-page","status-publish","hentry"],"acf":[],"_links":{"self":[{"href":"https:\/\/a-hike.ch\/de\/wp-json\/wp\/v2\/pages\/1309","targetHints":{"allow":["GET"]}}],"collection":[{"href":"https:\/\/a-hike.ch\/de\/wp-json\/wp\/v2\/pages"}],"about":[{"href":"https:\/\/a-hike.ch\/de\/wp-json\/wp\/v2\/types\/page"}],"author":[{"embeddable":true,"href":"https:\/\/a-hike.ch\/de\/wp-json\/wp\/v2\/users\/2"}],"replies":[{"embeddable":true,"href":"https:\/\/a-hike.ch\/de\/wp-json\/wp\/v2\/comments?post=1309"}],"version-history":[{"count":5,"href":"https:\/\/a-hike.ch\/de\/wp-json\/wp\/v2\/pages\/1309\/revisions"}],"predecessor-version":[{"id":1424,"href":"https:\/\/a-hike.ch\/de\/wp-json\/wp\/v2\/pages\/1309\/revisions\/1424"}],"wp:attachment":[{"href":"https:\/\/a-hike.ch\/de\/wp-json\/wp\/v2\/media?parent=1309"}],"curies":[{"name":"wp","href":"https:\/\/api.w.org\/{rel}","templated":true}]}}