{"id":1250,"date":"2022-12-28T11:32:07","date_gmt":"2022-12-28T10:32:07","guid":{"rendered":"https:\/\/a-hike.ch\/product\/wild-and-free\/"},"modified":"2023-05-04T08:30:24","modified_gmt":"2023-05-04T06:30:24","slug":"wild-and-free","status":"publish","type":"product","link":"https:\/\/a-hike.ch\/de\/produkt\/wild-and-free\/","title":{"rendered":"Wild and free"},"content":{"rendered":"<p>Wie jedes andere Lebewesen sind wir frei und mit der Wildnis verbunden auf die Welt gekommen. Das ist unser nat\u00fcrlicher Zustand.<\/p>\n<p>Die Erziehung und die Anforderungen des Lebens in einer modernen Gesellschaft gew\u00f6hnen uns an kompetitive Haltungen. Dies f\u00fchrt dazu, dass wir die Verbindung zwischen Menschen, zu unseren nat\u00fcrlichen Bed\u00fcrfnissen und zur Spontaneit\u00e4t aufgeben. Der Verlust von festen Bezugspunkten schw\u00e4cht unser Selbstvertrauen, parallel dazu treibt uns eine Sinnsuche zu verschiedenen Recherchen.<\/p>\n<p>Diese viert\u00e4gige Erfahrung mit und in der Natur dient dazu, euch zu inspirieren, zu transformieren und euch in eurem Erwachensprozess zu unterst\u00fctzen. Mit Trance und anderen gemeinsamen schamanischen Ritualen erlebt ihr eine neue Ebene des Seins. Ihr werdet in einen Zustand der inneren Stille, der Klarheit, der Verbindung und des Friedens begleitet. Dadurch er\u00f6ffnen sich neue Perspektiven und Wege, euer Leben in neuem Vertrauen und im Bewusstsein seiner Potenziale auszurichten.<\/p>\n<p>Das Fasten und das t\u00e4gliche Wandern werden es erm\u00f6glichen, K\u00f6rper, Geist und Seele in einer langsamen Bewegung auszurichten, die im Einklang mit der Wildnis steht, in der wir uns bewegen werden. Die Region eignet sich aufgrund der Kraft, die von den Pflanzen ausgeht, und der Verg\u00e4nglichkeit, die von den Felsen ausgeht, ideal f\u00fcr diesen Kurs.<\/p>\n","protected":false},"excerpt":{"rendered":"<h3><strong>Leichte Wanderungen und Fasten werden unseren K\u00f6rper f\u00fcr eine schamanische Erkundung pr\u00e4disponieren<\/strong><\/h3>\n<p>.<\/p>\n","protected":false},"featured_media":385,"template":"","meta":{"_acf_changed":false},"time_category":[83],"price_category":[87],"product_brand":[],"product_cat":[73,61],"product_tag":[],"class_list":{"0":"post-1250","1":"product","2":"type-product","3":"status-publish","4":"has-post-thumbnail","6":"time_category-semaine-stationnaire-4-a-7-nuits-de","7":"price_category-300-a-999-de","8":"product_cat-handwerk","9":"product_cat-wanderungen-treks","11":"first","12":"outofstock","13":"shipping-taxable","14":"purchasable","15":"product-type-simple"},"acf":[],"_links":{"self":[{"href":"https:\/\/a-hike.ch\/de\/wp-json\/wp\/v2\/product\/1250","targetHints":{"allow":["GET"]}}],"collection":[{"href":"https:\/\/a-hike.ch\/de\/wp-json\/wp\/v2\/product"}],"about":[{"href":"https:\/\/a-hike.ch\/de\/wp-json\/wp\/v2\/types\/product"}],"wp:featuredmedia":[{"embeddable":true,"href":"https:\/\/a-hike.ch\/de\/wp-json\/wp\/v2\/media\/385"}],"wp:attachment":[{"href":"https:\/\/a-hike.ch\/de\/wp-json\/wp\/v2\/media?parent=1250"}],"wp:term":[{"taxonomy":"time_category","embeddable":true,"href":"https:\/\/a-hike.ch\/de\/wp-json\/wp\/v2\/time_category?post=1250"},{"taxonomy":"price_category","embeddable":true,"href":"https:\/\/a-hike.ch\/de\/wp-json\/wp\/v2\/price_category?post=1250"},{"taxonomy":"product_brand","embeddable":true,"href":"https:\/\/a-hike.ch\/de\/wp-json\/wp\/v2\/product_brand?post=1250"},{"taxonomy":"product_cat","embeddable":true,"href":"https:\/\/a-hike.ch\/de\/wp-json\/wp\/v2\/product_cat?post=1250"},{"taxonomy":"product_tag","embeddable":true,"href":"https:\/\/a-hike.ch\/de\/wp-json\/wp\/v2\/product_tag?post=1250"}],"curies":[{"name":"wp","href":"https:\/\/api.w.org\/{rel}","templated":true}]}}