{"id":1253,"date":"2023-02-22T22:09:25","date_gmt":"2023-02-22T21:09:25","guid":{"rendered":"https:\/\/a-hike.ch\/product\/wildniswoche\/"},"modified":"2025-12-04T17:59:26","modified_gmt":"2025-12-04T16:59:26","slug":"wildniswoche","status":"publish","type":"product","link":"https:\/\/a-hike.ch\/de\/produkt\/wildniswoche\/","title":{"rendered":"Wildniswoche"},"content":{"rendered":"<p>Ziel dieses sechst\u00e4gigen Kurses ist es, essbare Wildpflanzen aber auch giftige Pflanzen kennenzulernen, also etwas \u00fcber Botanik zu erfahren. Wir werden: Pflanzen sammeln und mit einem Minimum an migebrachten Lebensmitteln kochen; lernen, wie man einen Biwakplatz ausw\u00e4hlt und ein Lager einrichtet; das Feuer durch Reibung anz\u00fcnden; Wasser finden und es durch Kochen trinkbar machen; je nach Lust und Laune Holzutensilien schnitzen (mit seinem Messer und den Werkzeugen, die ich zur Verf\u00fcgung stelle) oder K\u00f6rbe flechten. Dies ohne den Wissensaustausch zwischen uns allen zu vergessen. Und nat\u00fcrlich, \u00fcber all diese Aktivit\u00e4ten hinaus gibt es die Tatsache, dass Tag und Nacht drau\u00dfen zu leben, ohne Uhr oder Telefon und mit wenig Komfort, manchmal hart ist f\u00fcr den K\u00f6rper, aber den Geist befriedigt.<\/p>\n<p>Wir tun unser Bestes, damit sich jeder wohlf\u00fchlt. Wir haben ein Programm mit einer geplanten Reiseroute, aber es ist sehr wahrscheinlich, dass es anders sein wird, da jedeR diesen Kurse mitgestalten kann.<\/p>\n","protected":false},"excerpt":{"rendered":"<p>Die sanfte Survival-Woche basiert auf dem Prinzip mit dem Wesentlichen zu leben, oder so zu sagen: weniger ist mehr. Wir werden t\u00e4glich Wildpflanzen kennenlernen und verschiedene Techniken \u00fcben. Diese 6-t\u00e4gige Anlass ist die Vertiefung eines 2- oder 6-t\u00e4gigen Kurses.<\/p>\n","protected":false},"featured_media":738,"template":"","meta":{"_acf_changed":false},"time_category":[84],"price_category":[87],"product_brand":[],"product_cat":[74],"product_tag":[],"class_list":{"0":"post-1253","1":"product","2":"type-product","3":"status-publish","4":"has-post-thumbnail","6":"time_category-randonnee-itinerante-4-a-7-nuits-de","7":"price_category-300-a-999-de","8":"product_cat-naturimmersion-bushcraft-survival-wildnis","10":"first","11":"instock","12":"shipping-taxable","13":"purchasable","14":"product-type-variable","15":"has-default-attributes"},"acf":[],"_links":{"self":[{"href":"https:\/\/a-hike.ch\/de\/wp-json\/wp\/v2\/product\/1253","targetHints":{"allow":["GET"]}}],"collection":[{"href":"https:\/\/a-hike.ch\/de\/wp-json\/wp\/v2\/product"}],"about":[{"href":"https:\/\/a-hike.ch\/de\/wp-json\/wp\/v2\/types\/product"}],"wp:featuredmedia":[{"embeddable":true,"href":"https:\/\/a-hike.ch\/de\/wp-json\/wp\/v2\/media\/738"}],"wp:attachment":[{"href":"https:\/\/a-hike.ch\/de\/wp-json\/wp\/v2\/media?parent=1253"}],"wp:term":[{"taxonomy":"time_category","embeddable":true,"href":"https:\/\/a-hike.ch\/de\/wp-json\/wp\/v2\/time_category?post=1253"},{"taxonomy":"price_category","embeddable":true,"href":"https:\/\/a-hike.ch\/de\/wp-json\/wp\/v2\/price_category?post=1253"},{"taxonomy":"product_brand","embeddable":true,"href":"https:\/\/a-hike.ch\/de\/wp-json\/wp\/v2\/product_brand?post=1253"},{"taxonomy":"product_cat","embeddable":true,"href":"https:\/\/a-hike.ch\/de\/wp-json\/wp\/v2\/product_cat?post=1253"},{"taxonomy":"product_tag","embeddable":true,"href":"https:\/\/a-hike.ch\/de\/wp-json\/wp\/v2\/product_tag?post=1253"}],"curies":[{"name":"wp","href":"https:\/\/api.w.org\/{rel}","templated":true}]}}