{"id":1257,"date":"2022-12-28T11:40:48","date_gmt":"2022-12-28T10:40:48","guid":{"rendered":"https:\/\/a-hike.ch\/product\/yoga-essbare-wildpflanzen-corgemont\/"},"modified":"2023-04-18T15:39:40","modified_gmt":"2023-04-18T13:39:40","slug":"yoga-essbare-wildpflanzen-corgemont","status":"publish","type":"product","link":"https:\/\/a-hike.ch\/de\/produkt\/yoga-essbare-wildpflanzen-corgemont\/","title":{"rendered":"Yoga und Essbare Wildpflanzen"},"content":{"rendered":"<p>Die Yogapraxis mit einer thematischen Wanderung zu verbinden, erm\u00f6glicht es Ihnen, ganz in diese Natur einzutauchen, deren Teil Sie sind. Der Tag wird eine harmonische Mischung aus verbindung zu sich selbst und Wandern sein. Eine Route, die durch feuchte und trockene Umgebungen f\u00fchrt, wird von H\u00f6hepunkten des Yoga und der Meditation unterbrochen. Wir werden mit Beweglichkeit unsere Yogahaltungen und Kr\u00e4uter sammeln, um Kr\u00e4utertees oder Snacks zuzubereiten. Wie diese wilden Pflanzen hoffen wir, Ihnen einen N\u00e4hrboden f\u00fcr Ihren Geist, Ihren K\u00f6rper und Ihre Seele zu bieten. Dieser Hike &#038; Yoga-Ausflug wird Sie auf das Subtile aufmerksam machen, indem er Ihre Psyche f\u00fcr ein anderes Schwingungsfeld erweckt.<\/p>\n","protected":false},"excerpt":{"rendered":"<h3>Wenn Sie die Yogapraxis mit einer thematischen Wanderung verbinden, k\u00f6nnen Sie ganz in diese Natur eintauchen, deren Teil Sie sind.<\/h3>\n","protected":false},"featured_media":389,"template":"","meta":{"_acf_changed":false},"time_category":[80],"price_category":[85],"product_brand":[],"product_cat":[72,71],"product_tag":[],"class_list":{"0":"post-1257","1":"product","2":"type-product","3":"status-publish","4":"has-post-thumbnail","6":"time_category-excursion-journee-ou-demi-journee-sans-nuitee-de","7":"price_category-0-a-99-de","8":"product_cat-im-bewusstsein-der-natur","9":"product_cat-wildpflanzen","11":"first","12":"outofstock","13":"shipping-taxable","14":"purchasable","15":"product-type-variable"},"acf":[],"_links":{"self":[{"href":"https:\/\/a-hike.ch\/de\/wp-json\/wp\/v2\/product\/1257","targetHints":{"allow":["GET"]}}],"collection":[{"href":"https:\/\/a-hike.ch\/de\/wp-json\/wp\/v2\/product"}],"about":[{"href":"https:\/\/a-hike.ch\/de\/wp-json\/wp\/v2\/types\/product"}],"wp:featuredmedia":[{"embeddable":true,"href":"https:\/\/a-hike.ch\/de\/wp-json\/wp\/v2\/media\/389"}],"wp:attachment":[{"href":"https:\/\/a-hike.ch\/de\/wp-json\/wp\/v2\/media?parent=1257"}],"wp:term":[{"taxonomy":"time_category","embeddable":true,"href":"https:\/\/a-hike.ch\/de\/wp-json\/wp\/v2\/time_category?post=1257"},{"taxonomy":"price_category","embeddable":true,"href":"https:\/\/a-hike.ch\/de\/wp-json\/wp\/v2\/price_category?post=1257"},{"taxonomy":"product_brand","embeddable":true,"href":"https:\/\/a-hike.ch\/de\/wp-json\/wp\/v2\/product_brand?post=1257"},{"taxonomy":"product_cat","embeddable":true,"href":"https:\/\/a-hike.ch\/de\/wp-json\/wp\/v2\/product_cat?post=1257"},{"taxonomy":"product_tag","embeddable":true,"href":"https:\/\/a-hike.ch\/de\/wp-json\/wp\/v2\/product_tag?post=1257"}],"curies":[{"name":"wp","href":"https:\/\/api.w.org\/{rel}","templated":true}]}}