{"id":1260,"date":"2023-02-18T08:02:35","date_gmt":"2023-02-18T07:02:35","guid":{"rendered":"https:\/\/a-hike.ch\/product\/yoga-waldbeeren-diesse\/"},"modified":"2023-08-17T11:17:37","modified_gmt":"2023-08-17T09:17:37","slug":"yoga-waldbeeren-diesse","status":"publish","type":"product","link":"https:\/\/a-hike.ch\/de\/produkt\/yoga-waldbeeren-diesse\/","title":{"rendered":"Yoga und Waldbeeren, Diesse"},"content":{"rendered":"<p><span style=\"color: #000000;\">Im September, wenn der Sommer zu Ende geht, hat die Natur den ganzen Sommer \u00fcber die Sonne empfangen, die Beeren err\u00f6ten vor Freude und warten darauf, gepfl\u00fcckt zu werden. In der N\u00e4he des Chasseral und der jahrhundertealten Riesen werden Sie Yogastellungen wie der Berg einnehmen, um sich mit sich selbst und der Erde zu verbinden. Sie werden Ihre Gedanken loslassen, um einfach der Natur zu lauschen und das sch\u00f6ne goldene Licht zu beobachten. Beim Achtsamkeiten Wandern werden Sie die Unterst\u00fctzung unserer Mutter Erde unter Ihren F\u00fc\u00dfen sp\u00fcren. Eine perfekte Mischung f\u00fcr ein Vergn\u00fcgen f\u00fcr alle unsere Sinne.<\/span><\/p>\n","protected":false},"excerpt":{"rendered":"<h3>Wenn Sie die Yogapraxis mit einer thematischen Wanderung verbinden, k\u00f6nnen Sie ganz in diese Natur eintauchen, deren Teil Sie sind.<\/h3>\n","protected":false},"featured_media":534,"template":"","meta":{"_acf_changed":false},"time_category":[80],"price_category":[85],"product_brand":[],"product_cat":[72,71],"product_tag":[],"class_list":{"0":"post-1260","1":"product","2":"type-product","3":"status-publish","4":"has-post-thumbnail","6":"time_category-excursion-journee-ou-demi-journee-sans-nuitee-de","7":"price_category-0-a-99-de","8":"product_cat-im-bewusstsein-der-natur","9":"product_cat-wildpflanzen","11":"first","12":"outofstock","13":"shipping-taxable","14":"purchasable","15":"product-type-variable"},"acf":[],"_links":{"self":[{"href":"https:\/\/a-hike.ch\/de\/wp-json\/wp\/v2\/product\/1260","targetHints":{"allow":["GET"]}}],"collection":[{"href":"https:\/\/a-hike.ch\/de\/wp-json\/wp\/v2\/product"}],"about":[{"href":"https:\/\/a-hike.ch\/de\/wp-json\/wp\/v2\/types\/product"}],"wp:featuredmedia":[{"embeddable":true,"href":"https:\/\/a-hike.ch\/de\/wp-json\/wp\/v2\/media\/534"}],"wp:attachment":[{"href":"https:\/\/a-hike.ch\/de\/wp-json\/wp\/v2\/media?parent=1260"}],"wp:term":[{"taxonomy":"time_category","embeddable":true,"href":"https:\/\/a-hike.ch\/de\/wp-json\/wp\/v2\/time_category?post=1260"},{"taxonomy":"price_category","embeddable":true,"href":"https:\/\/a-hike.ch\/de\/wp-json\/wp\/v2\/price_category?post=1260"},{"taxonomy":"product_brand","embeddable":true,"href":"https:\/\/a-hike.ch\/de\/wp-json\/wp\/v2\/product_brand?post=1260"},{"taxonomy":"product_cat","embeddable":true,"href":"https:\/\/a-hike.ch\/de\/wp-json\/wp\/v2\/product_cat?post=1260"},{"taxonomy":"product_tag","embeddable":true,"href":"https:\/\/a-hike.ch\/de\/wp-json\/wp\/v2\/product_tag?post=1260"}],"curies":[{"name":"wp","href":"https:\/\/api.w.org\/{rel}","templated":true}]}}