{"id":1268,"date":"2022-12-30T13:59:35","date_gmt":"2022-12-30T12:59:35","guid":{"rendered":"https:\/\/a-hike.ch\/product\/eibe-fohre-linden-altehrwurdige-baume-cremines\/"},"modified":"2025-09-02T16:58:05","modified_gmt":"2025-09-02T14:58:05","slug":"eibe-fohre-linden-altehrwurdige-baume-cremines","status":"publish","type":"product","link":"https:\/\/a-hike.ch\/de\/produkt\/eibe-fohre-linden-altehrwurdige-baume-cremines\/","title":{"rendered":"Eibe, F\u00f6hre und Linden: altehrw\u00fcrdige B\u00e4ume in Cr\u00e9mines"},"content":{"rendered":"<p>Ganz gedreht schaut sie auf uns herab mit ihren 1&#8217;500 Jahren: Die Eibe von Cr\u00e9mines ist sehr wahrscheinlich der \u00e4lteste Baum der Schweiz und es geht ihr pr\u00e4chtig. Eine Begegnung mit ihr l\u00e4sst uns Menschen nie gleichg\u00fcltig. Sie bringt uns an unseren Platz zur\u00fcck und schenkt uns Demut. Der Weg f\u00fchrt uns weiter zu den drei Linden auf dem P\u00e2turage du Droit. Drei majest\u00e4tische B\u00e4ume, ein r\u00e4tselhaftes Trio. Wir beenden den Tag mit dem Besuch einer ehrw\u00fcrdigen F\u00f6hre. 300 Jahre alt, diskret und gleichzeitig imposant. Zahlreiche \u00c4ste zieren den Baum, wie so viele neue Generationen, die in den Himmel schiessen. Wie haben sie es geschafft, bis heute zu \u00fcberdauern? Was sind die Eigenschaften ihres Holzes? Was ist ihre Bedeutung in der Mythologie? Was bedeuten sie f\u00fcr uns und welche Wohltat bringen sie uns? Auf diese und andere Fragen werden Sie auf unserem Ausflug Antworten erhalten.<\/p>\n","protected":false},"excerpt":{"rendered":"<p>Wissenschaftliche Erkl\u00e4rungen und Gef\u00fchrte Meditation<\/p>\n","protected":false},"featured_media":2097,"template":"","meta":{"_acf_changed":false},"time_category":[80],"price_category":[85],"product_brand":[],"product_cat":[72],"product_tag":[],"class_list":{"0":"post-1268","1":"product","2":"type-product","3":"status-publish","4":"has-post-thumbnail","6":"time_category-excursion-journee-ou-demi-journee-sans-nuitee-de","7":"price_category-0-a-99-de","8":"product_cat-im-bewusstsein-der-natur","10":"first","11":"instock","12":"shipping-taxable","13":"purchasable","14":"product-type-variable"},"acf":[],"_links":{"self":[{"href":"https:\/\/a-hike.ch\/de\/wp-json\/wp\/v2\/product\/1268","targetHints":{"allow":["GET"]}}],"collection":[{"href":"https:\/\/a-hike.ch\/de\/wp-json\/wp\/v2\/product"}],"about":[{"href":"https:\/\/a-hike.ch\/de\/wp-json\/wp\/v2\/types\/product"}],"wp:featuredmedia":[{"embeddable":true,"href":"https:\/\/a-hike.ch\/de\/wp-json\/wp\/v2\/media\/2097"}],"wp:attachment":[{"href":"https:\/\/a-hike.ch\/de\/wp-json\/wp\/v2\/media?parent=1268"}],"wp:term":[{"taxonomy":"time_category","embeddable":true,"href":"https:\/\/a-hike.ch\/de\/wp-json\/wp\/v2\/time_category?post=1268"},{"taxonomy":"price_category","embeddable":true,"href":"https:\/\/a-hike.ch\/de\/wp-json\/wp\/v2\/price_category?post=1268"},{"taxonomy":"product_brand","embeddable":true,"href":"https:\/\/a-hike.ch\/de\/wp-json\/wp\/v2\/product_brand?post=1268"},{"taxonomy":"product_cat","embeddable":true,"href":"https:\/\/a-hike.ch\/de\/wp-json\/wp\/v2\/product_cat?post=1268"},{"taxonomy":"product_tag","embeddable":true,"href":"https:\/\/a-hike.ch\/de\/wp-json\/wp\/v2\/product_tag?post=1268"}],"curies":[{"name":"wp","href":"https:\/\/api.w.org\/{rel}","templated":true}]}}