{"id":1436,"date":"2023-03-06T22:52:54","date_gmt":"2023-03-06T21:52:54","guid":{"rendered":"https:\/\/a-hike.ch\/product\/bushcraft-et-survie-pour-familles-3-jours\/"},"modified":"2023-08-23T11:43:55","modified_gmt":"2023-08-23T09:43:55","slug":"bushcraft-und-survival-3-tage-fur-familien","status":"publish","type":"product","link":"https:\/\/a-hike.ch\/de\/produkt\/bushcraft-und-survival-3-tage-fur-familien\/","title":{"rendered":"Bushcraft und Survival 3 Tage, f\u00fcr Familien"},"content":{"rendered":"<p>Sie werden die Gelegenheit haben, sich mit dem Leben in der Wildnis vertraut zu machen. Wir starten mit dem Minimum, das wir f\u00fcr unser Wohlbefinden ben\u00f6tigen. Mit einem kurzen Ann\u00e4herungsmarsch begeben wir uns zu einem Ort, der f\u00fcr die Dauer dieses verl\u00e4ngerten Wochenendes unser Zuhause sein wird. Wir werden eine Unterkunft f\u00fcr die Nacht errichten. Wir werden wilde Pflanzen sammeln, um Mahlzeiten zuzubereiten, die wir auf einem Feuer ohne Streichh\u00f6lzer kochen werden. Zwei Tage au\u00dferhalb der Zeit, um sich wieder mit der Natur zu verbinden und die Grundlagen des Lebens in der Wildnis zu entdecken.<\/p>\n<p><iframe loading=\"lazy\" title=\"Stage de survie en Suisse, pr\u00e9sentant les s\u00e9jours de Bushcraft et survie organis\u00e9 par a-Hike\" width=\"500\" height=\"281\" src=\"https:\/\/www.youtube.com\/embed\/SkRo4CUqm4Y?start=21&#038;feature=oembed\" frameborder=\"0\" allow=\"accelerometer; autoplay; clipboard-write; encrypted-media; gyroscope; picture-in-picture; web-share\" referrerpolicy=\"strict-origin-when-cross-origin\" allowfullscreen><\/iframe><\/p>\n","protected":false},"excerpt":{"rendered":"<h3>Drei Tage in der Natur, in denen es Spa\u00df macht, alte Techniken wie den Bau von Werkzeugen, das Sammeln von Pflanzen und das Beobachten von Tieren neu zu erlernen&#8230;<\/h3>\n","protected":false},"featured_media":365,"template":"","meta":{"_acf_changed":false},"time_category":[82],"price_category":[86],"product_brand":[],"product_cat":[74,71],"product_tag":[],"class_list":{"0":"post-1436","1":"product","2":"type-product","3":"status-publish","4":"has-post-thumbnail","6":"time_category-sejour-courte-duree-2-a-3-nuits-de","7":"price_category-100-a-299-de","8":"product_cat-naturimmersion-bushcraft-survival-wildnis","9":"product_cat-wildpflanzen","11":"first","12":"instock","13":"purchasable","14":"product-type-variable"},"acf":[],"_links":{"self":[{"href":"https:\/\/a-hike.ch\/de\/wp-json\/wp\/v2\/product\/1436","targetHints":{"allow":["GET"]}}],"collection":[{"href":"https:\/\/a-hike.ch\/de\/wp-json\/wp\/v2\/product"}],"about":[{"href":"https:\/\/a-hike.ch\/de\/wp-json\/wp\/v2\/types\/product"}],"wp:featuredmedia":[{"embeddable":true,"href":"https:\/\/a-hike.ch\/de\/wp-json\/wp\/v2\/media\/365"}],"wp:attachment":[{"href":"https:\/\/a-hike.ch\/de\/wp-json\/wp\/v2\/media?parent=1436"}],"wp:term":[{"taxonomy":"time_category","embeddable":true,"href":"https:\/\/a-hike.ch\/de\/wp-json\/wp\/v2\/time_category?post=1436"},{"taxonomy":"price_category","embeddable":true,"href":"https:\/\/a-hike.ch\/de\/wp-json\/wp\/v2\/price_category?post=1436"},{"taxonomy":"product_brand","embeddable":true,"href":"https:\/\/a-hike.ch\/de\/wp-json\/wp\/v2\/product_brand?post=1436"},{"taxonomy":"product_cat","embeddable":true,"href":"https:\/\/a-hike.ch\/de\/wp-json\/wp\/v2\/product_cat?post=1436"},{"taxonomy":"product_tag","embeddable":true,"href":"https:\/\/a-hike.ch\/de\/wp-json\/wp\/v2\/product_tag?post=1436"}],"curies":[{"name":"wp","href":"https:\/\/api.w.org\/{rel}","templated":true}]}}