{"id":1567,"date":"2023-08-08T09:29:58","date_gmt":"2023-08-08T07:29:58","guid":{"rendered":"https:\/\/a-hike.ch\/?post_type=product&#038;p=1567"},"modified":"2025-08-21T08:54:23","modified_gmt":"2025-08-21T06:54:23","slug":"camp-in-die-natur-eintauchen-copie","status":"publish","type":"product","link":"https:\/\/a-hike.ch\/de\/produkt\/camp-in-die-natur-eintauchen-copie\/","title":{"rendered":"Zweisprachiges Lager f\u00fcr Jugendliche"},"content":{"rendered":"<p>Unserer Meinung nach ist die F\u00f6rderung pers\u00f6nlicher und erfahrungsbasierter Beziehungen zur nat\u00fcrlichen Welt die beste Bildung, die uns zur Verf\u00fcgung steht. Das Kennenlernen von z. B. Pflanzen, S\u00e4ugetieren, Insekten, B\u00e4umen, V\u00f6geln, Amphibien und Pilzen f\u00f6rdert das Einf\u00fchlungsverm\u00f6gen und damit den Wunsch, die Welt, von der wir abh\u00e4ngig sind, besser kennen zu lernen und zu sch\u00fctzen. Der regelm\u00e4ssige und direkte Kontakt mit dem Regen, den Fl\u00fcssen und ihren Str\u00f6mungen, dem Wind, der Sonne und dem Boden &#8211; der uns am Leben erh\u00e4lt &#8211; f\u00f6rdert einen st\u00e4rkeren Gemeinschaftssinn und entwickelt F\u00e4higkeiten zum Risikomanagement.<\/p>\n","protected":false},"excerpt":{"rendered":"<p>Die F\u00f6rderung pers\u00f6nlicher und erlebnisorientierter Beziehungen zur nat\u00fcrlichen Welt ist der beste Unterricht, den wir haben.<\/p>\n","protected":false},"featured_media":393,"template":"","meta":{"_acf_changed":false},"time_category":[82],"price_category":[87],"product_brand":[],"product_cat":[74],"product_tag":[],"class_list":{"0":"post-1567","1":"product","2":"type-product","3":"status-publish","4":"has-post-thumbnail","6":"time_category-sejour-courte-duree-2-a-3-nuits-de","7":"price_category-300-a-999-de","8":"product_cat-naturimmersion-bushcraft-survival-wildnis","10":"first","11":"instock","12":"featured","13":"purchasable","14":"product-type-variable"},"acf":[],"_links":{"self":[{"href":"https:\/\/a-hike.ch\/de\/wp-json\/wp\/v2\/product\/1567","targetHints":{"allow":["GET"]}}],"collection":[{"href":"https:\/\/a-hike.ch\/de\/wp-json\/wp\/v2\/product"}],"about":[{"href":"https:\/\/a-hike.ch\/de\/wp-json\/wp\/v2\/types\/product"}],"wp:featuredmedia":[{"embeddable":true,"href":"https:\/\/a-hike.ch\/de\/wp-json\/wp\/v2\/media\/393"}],"wp:attachment":[{"href":"https:\/\/a-hike.ch\/de\/wp-json\/wp\/v2\/media?parent=1567"}],"wp:term":[{"taxonomy":"time_category","embeddable":true,"href":"https:\/\/a-hike.ch\/de\/wp-json\/wp\/v2\/time_category?post=1567"},{"taxonomy":"price_category","embeddable":true,"href":"https:\/\/a-hike.ch\/de\/wp-json\/wp\/v2\/price_category?post=1567"},{"taxonomy":"product_brand","embeddable":true,"href":"https:\/\/a-hike.ch\/de\/wp-json\/wp\/v2\/product_brand?post=1567"},{"taxonomy":"product_cat","embeddable":true,"href":"https:\/\/a-hike.ch\/de\/wp-json\/wp\/v2\/product_cat?post=1567"},{"taxonomy":"product_tag","embeddable":true,"href":"https:\/\/a-hike.ch\/de\/wp-json\/wp\/v2\/product_tag?post=1567"}],"curies":[{"name":"wp","href":"https:\/\/api.w.org\/{rel}","templated":true}]}}