{"id":1806,"date":"2022-12-30T14:11:04","date_gmt":"2022-12-30T13:11:04","guid":{"rendered":"https:\/\/a-hike.ch\/product\/winterspaziergang-und-beinwellsalbe-mont-soleil\/"},"modified":"2026-01-27T15:44:33","modified_gmt":"2026-01-27T14:44:33","slug":"winterspaziergang-und-beinwellsalbe-mont-soleil","status":"publish","type":"product","link":"https:\/\/a-hike.ch\/de\/produkt\/winterspaziergang-und-beinwellsalbe-mont-soleil\/","title":{"rendered":"Winterspaziergang und Beinwellsalbe, Mont Soleil"},"content":{"rendered":"<p>Von Mont Soleil bis St Imier wird die Wanderung zum Thema Winterpflanzen und -b\u00e4ume einige der Geheimnisse der Natur im Berner Jura enth\u00fcllen. Anschliessend bietet ein Kreativ-Workshop die M\u00f6glichkeit, seine eigene Beinwell-Salbe herzustellen.<\/p>\n<p>An diesem Tag geht es um Pflanzen und Holzgew\u00e4chse, die im Winter vorkommen. Wir lernen einige Baumarten unserer Region kennen: Nadel- und Laubb\u00e4ume, Beeren, die unsere Heckenb\u00fcsche schm\u00fccken, und kratzen den Schnee auf, um das nicht ganz so harmlose Heu herauszuholen. Ob wir es f\u00fcr eine Suppe oder ein Bad verwenden, wir machen kein grosses Aufhebens darum! Der Fokus liegt auf dem Gelernten und dem gem\u00fctlichen Beisammensein. In Bewegung auf der Themenwanderung und im Kreativworkshop. Wir werden den Beinwell in all seinen Facetten kennenlernen.<\/p>\n","protected":false},"excerpt":{"rendered":"<h3><strong>Kleine Wanderung und Kreativwerkstatt<\/strong><\/h3>\n","protected":false},"featured_media":395,"template":"","meta":{"_acf_changed":false},"time_category":[80],"price_category":[85],"product_brand":[],"product_cat":[73,71],"product_tag":[],"class_list":{"0":"post-1806","1":"product","2":"type-product","3":"status-publish","4":"has-post-thumbnail","6":"time_category-excursion-journee-ou-demi-journee-sans-nuitee-de","7":"price_category-0-a-99-de","8":"product_cat-handwerk","9":"product_cat-wildpflanzen","11":"first","12":"instock","13":"shipping-taxable","14":"purchasable","15":"product-type-variable","16":"has-default-attributes"},"acf":[],"_links":{"self":[{"href":"https:\/\/a-hike.ch\/de\/wp-json\/wp\/v2\/product\/1806","targetHints":{"allow":["GET"]}}],"collection":[{"href":"https:\/\/a-hike.ch\/de\/wp-json\/wp\/v2\/product"}],"about":[{"href":"https:\/\/a-hike.ch\/de\/wp-json\/wp\/v2\/types\/product"}],"wp:featuredmedia":[{"embeddable":true,"href":"https:\/\/a-hike.ch\/de\/wp-json\/wp\/v2\/media\/395"}],"wp:attachment":[{"href":"https:\/\/a-hike.ch\/de\/wp-json\/wp\/v2\/media?parent=1806"}],"wp:term":[{"taxonomy":"time_category","embeddable":true,"href":"https:\/\/a-hike.ch\/de\/wp-json\/wp\/v2\/time_category?post=1806"},{"taxonomy":"price_category","embeddable":true,"href":"https:\/\/a-hike.ch\/de\/wp-json\/wp\/v2\/price_category?post=1806"},{"taxonomy":"product_brand","embeddable":true,"href":"https:\/\/a-hike.ch\/de\/wp-json\/wp\/v2\/product_brand?post=1806"},{"taxonomy":"product_cat","embeddable":true,"href":"https:\/\/a-hike.ch\/de\/wp-json\/wp\/v2\/product_cat?post=1806"},{"taxonomy":"product_tag","embeddable":true,"href":"https:\/\/a-hike.ch\/de\/wp-json\/wp\/v2\/product_tag?post=1806"}],"curies":[{"name":"wp","href":"https:\/\/api.w.org\/{rel}","templated":true}]}}