{"id":1854,"date":"2023-04-03T11:15:34","date_gmt":"2023-04-03T09:15:34","guid":{"rendered":"https:\/\/a-hike.ch\/product\/immersion-en-nature-ecole-24-84-h\/"},"modified":"2025-09-25T09:37:14","modified_gmt":"2025-09-25T07:37:14","slug":"natur-eintauchen-fur-schulen-48-84-h","status":"publish","type":"product","link":"https:\/\/a-hike.ch\/de\/produkt\/natur-eintauchen-fur-schulen-48-84-h\/","title":{"rendered":"Natur eintauchen f\u00fcr Schulen 48\/84 h"},"content":{"rendered":"<p style=\"text-align: center;\">Vier Tage und drei N\u00e4chte im Risoux-Wald werden den Sch\u00fclerinnen und Sch\u00fclern Techniken f\u00fcr das Leben in der Natur vermitteln. Dies geschieht insbesondere durch die Einf\u00fchrung, die von einem Profi gegeben wird. Der Schwerpunkt wird auf den Gesten und Gewohnheiten liegen, die man sich aneignen muss, um in den W\u00e4ldern in Ersch\u00f6pfung und Einfachheit zu leben. Unser Verb\u00fcndeter wird eine gute Selbstkenntnis und die gegenseitige Hilfe mit den anderen Gruppenmitgliedern sein. Die Zusammenarbeit wird es uns erm\u00f6glichen, das Lager aufzuschlagen, die t\u00e4glichen Aufgaben mit Freude zu erledigen und den Ort sch\u00f6ner zu hinterlassen, als er bei unserer Ankunft war. Manchmal werden \u00e4u\u00dfere Faktoren, wie ein pl\u00f6tzlicher Regenschauer, diese gewonnene Harmonie durcheinander bringen, und das wird eine hervorragende M\u00f6glichkeit sein, uns auf die Probe zu stellen.<\/p>\n","protected":false},"excerpt":{"rendered":"<p style=\"text-align: center;\">Einf\u00fchrung in die Techniken des Lebens in der Natur<\/p>\n","protected":false},"featured_media":1166,"template":"","meta":{"_acf_changed":false},"time_category":[82],"price_category":[91],"product_brand":[],"product_cat":[74],"product_tag":[],"class_list":{"0":"post-1854","1":"product","2":"type-product","3":"status-publish","4":"has-post-thumbnail","6":"time_category-sejour-courte-duree-2-a-3-nuits-de","7":"price_category-1000-bis-1499","8":"product_cat-naturimmersion-bushcraft-survival-wildnis","10":"first","11":"outofstock","12":"shipping-taxable","13":"purchasable","14":"product-type-simple"},"acf":[],"_links":{"self":[{"href":"https:\/\/a-hike.ch\/de\/wp-json\/wp\/v2\/product\/1854","targetHints":{"allow":["GET"]}}],"collection":[{"href":"https:\/\/a-hike.ch\/de\/wp-json\/wp\/v2\/product"}],"about":[{"href":"https:\/\/a-hike.ch\/de\/wp-json\/wp\/v2\/types\/product"}],"wp:featuredmedia":[{"embeddable":true,"href":"https:\/\/a-hike.ch\/de\/wp-json\/wp\/v2\/media\/1166"}],"wp:attachment":[{"href":"https:\/\/a-hike.ch\/de\/wp-json\/wp\/v2\/media?parent=1854"}],"wp:term":[{"taxonomy":"time_category","embeddable":true,"href":"https:\/\/a-hike.ch\/de\/wp-json\/wp\/v2\/time_category?post=1854"},{"taxonomy":"price_category","embeddable":true,"href":"https:\/\/a-hike.ch\/de\/wp-json\/wp\/v2\/price_category?post=1854"},{"taxonomy":"product_brand","embeddable":true,"href":"https:\/\/a-hike.ch\/de\/wp-json\/wp\/v2\/product_brand?post=1854"},{"taxonomy":"product_cat","embeddable":true,"href":"https:\/\/a-hike.ch\/de\/wp-json\/wp\/v2\/product_cat?post=1854"},{"taxonomy":"product_tag","embeddable":true,"href":"https:\/\/a-hike.ch\/de\/wp-json\/wp\/v2\/product_tag?post=1854"}],"curies":[{"name":"wp","href":"https:\/\/api.w.org\/{rel}","templated":true}]}}