{"id":1916,"date":"2023-10-25T10:42:05","date_gmt":"2023-10-25T08:42:05","guid":{"rendered":"https:\/\/a-hike.ch\/?post_type=product&#038;p=1916"},"modified":"2024-11-01T20:29:15","modified_gmt":"2024-11-01T19:29:15","slug":"bushcraft-und-survival-2","status":"publish","type":"product","link":"https:\/\/a-hike.ch\/de\/produkt\/bushcraft-und-survival-2\/","title":{"rendered":"Bushcraft und Survival, 3 Tage"},"content":{"rendered":"<p>Du wirst die Gelegenheit haben, dich mit dem Leben in der Wildnis vertraut zu machen. Wir starten mit dem Minimum, das wir f\u00fcr unser Wohlbefinden ben\u00f6tigen. Nach einer kurzen Wanderung begeben wir uns zu einem Ort, der f\u00fcr das Wochenende unser Zuhause sein wird. Wir werden einen Unterschlupf f\u00fcr die Nacht errichten. Wir werden wilde Pflanzen sammeln, um Mahlzeiten zuzubereiten, die wir auf einem Feuer ohne Streichh\u00f6lzer kochen werden. Zwei Tage au\u00dferhalb der Zeit, um sich wieder mit der Natur zu verbinden und die Grundlagen des Lebens in der Wildnis zu entdecken.<\/p>\n<p><iframe loading=\"lazy\" title=\"Stage de survie en Suisse, pr\u00e9sentant les s\u00e9jours de Bushcraft et survie organis\u00e9 par a-Hike\" width=\"500\" height=\"281\" src=\"https:\/\/www.youtube.com\/embed\/SkRo4CUqm4Y?start=21&#038;feature=oembed\" frameborder=\"0\" allow=\"accelerometer; autoplay; clipboard-write; encrypted-media; gyroscope; picture-in-picture; web-share\" referrerpolicy=\"strict-origin-when-cross-origin\" allowfullscreen><\/iframe><\/p>\n","protected":false},"excerpt":{"rendered":"<h3>Drei Tage in der Natur, Bautechniken von Werkzeugen, Wildflanzen sammeln und die Beobachtung von Tieren neu zu erlernen&#8230;<\/h3>\n","protected":false},"featured_media":365,"template":"","meta":{"_acf_changed":false},"time_category":[82],"price_category":[86],"product_brand":[],"product_cat":[74],"product_tag":[],"class_list":{"0":"post-1916","1":"product","2":"type-product","3":"status-publish","4":"has-post-thumbnail","6":"time_category-sejour-courte-duree-2-a-3-nuits-de","7":"price_category-100-a-299-de","8":"product_cat-naturimmersion-bushcraft-survival-wildnis","10":"first","11":"outofstock","12":"purchasable","13":"product-type-variable"},"acf":[],"_links":{"self":[{"href":"https:\/\/a-hike.ch\/de\/wp-json\/wp\/v2\/product\/1916","targetHints":{"allow":["GET"]}}],"collection":[{"href":"https:\/\/a-hike.ch\/de\/wp-json\/wp\/v2\/product"}],"about":[{"href":"https:\/\/a-hike.ch\/de\/wp-json\/wp\/v2\/types\/product"}],"wp:featuredmedia":[{"embeddable":true,"href":"https:\/\/a-hike.ch\/de\/wp-json\/wp\/v2\/media\/365"}],"wp:attachment":[{"href":"https:\/\/a-hike.ch\/de\/wp-json\/wp\/v2\/media?parent=1916"}],"wp:term":[{"taxonomy":"time_category","embeddable":true,"href":"https:\/\/a-hike.ch\/de\/wp-json\/wp\/v2\/time_category?post=1916"},{"taxonomy":"price_category","embeddable":true,"href":"https:\/\/a-hike.ch\/de\/wp-json\/wp\/v2\/price_category?post=1916"},{"taxonomy":"product_brand","embeddable":true,"href":"https:\/\/a-hike.ch\/de\/wp-json\/wp\/v2\/product_brand?post=1916"},{"taxonomy":"product_cat","embeddable":true,"href":"https:\/\/a-hike.ch\/de\/wp-json\/wp\/v2\/product_cat?post=1916"},{"taxonomy":"product_tag","embeddable":true,"href":"https:\/\/a-hike.ch\/de\/wp-json\/wp\/v2\/product_tag?post=1916"}],"curies":[{"name":"wp","href":"https:\/\/api.w.org\/{rel}","templated":true}]}}