{"id":1995,"date":"2023-11-01T12:27:30","date_gmt":"2023-11-01T11:27:30","guid":{"rendered":"https:\/\/a-hike.ch\/product\/kletterkurs-einfuhrung\/"},"modified":"2025-04-13T20:30:43","modified_gmt":"2025-04-13T18:30:43","slug":"kletterkurs-einfuhrung","status":"publish","type":"product","link":"https:\/\/a-hike.ch\/de\/produkt\/kletterkurs-einfuhrung\/","title":{"rendered":"Kletterkurs Einf\u00fchrung"},"content":{"rendered":"<p>Dieser Einf\u00fchrungs-Kletterkurs ist ideal, um die ersten Schritte in die Vertikale zu unternehmen. Das Vallemaggia im Tessin bietet uns zahlreiche M\u00f6glichkeiten an einfachen und etwas anspruchsvolleren Felsw\u00e4nden. Ziel des Kurses ist es, dass du nach diesen drei Tagen selbstst\u00e4ndig mit einem Klettergsp\u00e4ndli draussen am Fels klettern kannst. <\/p>\n","protected":false},"excerpt":{"rendered":"<p>Tr\u00e4umst du davon, auch mal die senkrechten Felsw\u00e4nde zu besteigen, die dich auf deinen Wanderungen jeweils umgeben?<\/p>\n","protected":false},"featured_media":1991,"template":"","meta":{"_acf_changed":false},"time_category":[82],"price_category":[87],"product_brand":[],"product_cat":[72],"product_tag":[],"class_list":{"0":"post-1995","1":"product","2":"type-product","3":"status-publish","4":"has-post-thumbnail","6":"time_category-sejour-courte-duree-2-a-3-nuits-de","7":"price_category-300-a-999-de","8":"product_cat-im-bewusstsein-der-natur","10":"first","11":"instock","12":"shipping-taxable","13":"purchasable","14":"product-type-variable"},"acf":[],"_links":{"self":[{"href":"https:\/\/a-hike.ch\/de\/wp-json\/wp\/v2\/product\/1995","targetHints":{"allow":["GET"]}}],"collection":[{"href":"https:\/\/a-hike.ch\/de\/wp-json\/wp\/v2\/product"}],"about":[{"href":"https:\/\/a-hike.ch\/de\/wp-json\/wp\/v2\/types\/product"}],"wp:featuredmedia":[{"embeddable":true,"href":"https:\/\/a-hike.ch\/de\/wp-json\/wp\/v2\/media\/1991"}],"wp:attachment":[{"href":"https:\/\/a-hike.ch\/de\/wp-json\/wp\/v2\/media?parent=1995"}],"wp:term":[{"taxonomy":"time_category","embeddable":true,"href":"https:\/\/a-hike.ch\/de\/wp-json\/wp\/v2\/time_category?post=1995"},{"taxonomy":"price_category","embeddable":true,"href":"https:\/\/a-hike.ch\/de\/wp-json\/wp\/v2\/price_category?post=1995"},{"taxonomy":"product_brand","embeddable":true,"href":"https:\/\/a-hike.ch\/de\/wp-json\/wp\/v2\/product_brand?post=1995"},{"taxonomy":"product_cat","embeddable":true,"href":"https:\/\/a-hike.ch\/de\/wp-json\/wp\/v2\/product_cat?post=1995"},{"taxonomy":"product_tag","embeddable":true,"href":"https:\/\/a-hike.ch\/de\/wp-json\/wp\/v2\/product_tag?post=1995"}],"curies":[{"name":"wp","href":"https:\/\/api.w.org\/{rel}","templated":true}]}}