{"id":2156,"date":"2023-11-15T13:09:02","date_gmt":"2023-11-15T12:09:02","guid":{"rendered":"https:\/\/a-hike.ch\/?post_type=product&#038;p=2156"},"modified":"2025-12-11T09:06:01","modified_gmt":"2025-12-11T08:06:01","slug":"durchs-torfmoor-am-etang-de-la-gruere-ju-copie","status":"publish","type":"product","link":"https:\/\/a-hike.ch\/de\/produkt\/durchs-torfmoor-am-etang-de-la-gruere-ju-copie\/","title":{"rendered":"Durchs Torfmoor am Etang de la Gru\u00e8re (JU)"},"content":{"rendered":"<p>Die 1000 m-H\u00f6henkurve ist gewissermassen unsere Leitlinie auf dieser Exkursion durch die weiten Hochfl\u00e4chen der jurassischen Freiberge. Schon kurz nach dem Start queren wir auf guten Wegen die ersten der f\u00fcr den Jura typischen \u2013 und f\u00fcr den Artenschutz bedeutenden \u2013 Wytweiden. Sie fallen auf durch ein attraktives Mosaik aus Weiden und W\u00e4ldern, das an eine grosse Parklandschaft erinnert. Dann folgt bald der H\u00f6hepunkt an unserer Route: der Moorsee Etang de la Gru\u00e8re und sein Naturschutzgebiet. Die Wasserfl\u00e4che mit seiner braunen Farbe, die umgebenden Fichten-, Birken- und F\u00f6hrenw\u00e4lder, die Stille der Landschaft \u2013 einen Augenblick lang glaubt man, sich in Skandinavien aufzuhalten\u2026 Einen gr\u00f6sseren Hochmoorsee als diesen gibt es nirgends im Land. Wir vernehmen spannende Hintergr\u00fcnde zur Torfgewinnung und deren wirtschaftliche Bedeutung vor mehr als hundert Jahren. Seit 1987 ist der Torfabbau in der Schweiz dank der Rothenthurm-Initiative verboten. Ein weiteres gesch\u00fctztes Hochmoor treffen wir etwas sp\u00e4ter an, den kleinen Etang des Royes, wo in den 1950er Jahren noch Torf gestochen wurde. Vorbei an der ber\u00fchmten Pferderennbahn erreichen wir den Bahnhof von Saignel\u00e9gier.<\/p>\n","protected":false},"excerpt":{"rendered":"<p>Die 1000 m-H\u00f6henkurve ist gewissermassen unsere Leitlinie auf dieser Exkursion durch die weiten Hochfl\u00e4chen der jurassischen Freiberge. Schon kurz nach dem Start queren wir auf guten Wegen die ersten der f\u00fcr den Jura typischen \u2013 und f\u00fcr den Artenschutz bedeutenden \u2013 Wytweiden. Sie fallen auf durch ein attraktives Mosaik aus Weiden und W\u00e4ldern, das an [&hellip;]<\/p>\n","protected":false},"featured_media":882,"template":"","meta":{"_acf_changed":false},"time_category":[80],"price_category":[85],"product_brand":[],"product_cat":[72],"product_tag":[],"class_list":{"0":"post-2156","1":"product","2":"type-product","3":"status-publish","4":"has-post-thumbnail","6":"time_category-excursion-journee-ou-demi-journee-sans-nuitee-de","7":"price_category-0-a-99-de","8":"product_cat-im-bewusstsein-der-natur","10":"first","11":"instock","12":"shipping-taxable","13":"purchasable","14":"product-type-simple"},"acf":[],"_links":{"self":[{"href":"https:\/\/a-hike.ch\/de\/wp-json\/wp\/v2\/product\/2156","targetHints":{"allow":["GET"]}}],"collection":[{"href":"https:\/\/a-hike.ch\/de\/wp-json\/wp\/v2\/product"}],"about":[{"href":"https:\/\/a-hike.ch\/de\/wp-json\/wp\/v2\/types\/product"}],"wp:featuredmedia":[{"embeddable":true,"href":"https:\/\/a-hike.ch\/de\/wp-json\/wp\/v2\/media\/882"}],"wp:attachment":[{"href":"https:\/\/a-hike.ch\/de\/wp-json\/wp\/v2\/media?parent=2156"}],"wp:term":[{"taxonomy":"time_category","embeddable":true,"href":"https:\/\/a-hike.ch\/de\/wp-json\/wp\/v2\/time_category?post=2156"},{"taxonomy":"price_category","embeddable":true,"href":"https:\/\/a-hike.ch\/de\/wp-json\/wp\/v2\/price_category?post=2156"},{"taxonomy":"product_brand","embeddable":true,"href":"https:\/\/a-hike.ch\/de\/wp-json\/wp\/v2\/product_brand?post=2156"},{"taxonomy":"product_cat","embeddable":true,"href":"https:\/\/a-hike.ch\/de\/wp-json\/wp\/v2\/product_cat?post=2156"},{"taxonomy":"product_tag","embeddable":true,"href":"https:\/\/a-hike.ch\/de\/wp-json\/wp\/v2\/product_tag?post=2156"}],"curies":[{"name":"wp","href":"https:\/\/api.w.org\/{rel}","templated":true}]}}