{"id":2163,"date":"2023-11-15T14:28:41","date_gmt":"2023-11-15T13:28:41","guid":{"rendered":"https:\/\/a-hike.ch\/?post_type=product&#038;p=2163"},"modified":"2025-12-11T09:10:47","modified_gmt":"2025-12-11T08:10:47","slug":"gamsen-bei-der-combe-grede-copie","status":"publish","type":"product","link":"https:\/\/a-hike.ch\/de\/produkt\/gamsen-bei-der-combe-grede-copie\/","title":{"rendered":"G\u00e4msen bei der Combe Gr\u00e8de"},"content":{"rendered":"<p>Wer im D\u00f6rfchen Villeret aus dem Zug steigt und nach S\u00fcden blickt, schaut genau in die Combe Gr\u00e8de hinein. Dieses beeindruckende Erosionstal zieht sich hinauf bis zur Jurakrete und ist das Ziel unserer Exkursion. Und dort leben G\u00e4msen! Eigentlich als Charaktertier der Alpen angesehen, findet sich die G\u00e4mse auch im Jura. Der Ausl\u00f6ser dieser Besiedelung in der Neuzeit waren Auswilderungen von G\u00e4msen in den 1950-er Jahren. Wir gehen den Jura-G\u00e4msen auf den Grund. Vom Bahnhof Villeret, auf 740 m H\u00f6he gelegen, steigen wir schon bald durch das bewaldete Naturschutzgebiet der Combe Gr\u00e8de hinauf. Wundersch\u00f6ner Fichten- und Buchenwald steht oft auf einem Teppich aus duftenden Waldmeister-Arten. Auf einigen Metern unseres langen und steilen Aufstiegs werden uns fest verankerte Leitern das Fortkommen erleichtern. Dann erreichen wir die luftigen Jurah\u00f6hen mit viel offener Landschaft und den hier typischen, artenreichen Wytweiden. Hier oben halten wir nach G\u00e4msen Ausschau, welche dieses Mosaik aus Felsen, dichten W\u00e4ldern und Weiden bevorzugen. Aber auch die Pflanzenwelt begeistert: Hier w\u00e4chst unter vielen anderen Arten auch das kostbare M\u00e4des\u00fcss, eine der am h\u00e4ufigsten vorkommenden Aroma- und Heilpflanzen der Region. Von einer atemberaubenden Aussichtsklippe \u00fcberschauen wir die Schlucht der Combe Gr\u00e8de. Vielleicht gleitet dann gerade ein Steinadler an uns vorbei \u2013 wer weiss? Auch dieser Greifvogel, eher bekannt als ein Tier der Alpen, ist seit 2014 auch hier wieder heimisch.<\/p>\n","protected":false},"excerpt":{"rendered":"<p>Tierbeobachtung und Wanderung in einem Naturschutzgebiet<\/p>\n","protected":false},"featured_media":882,"template":"","meta":{"_acf_changed":false},"time_category":[80],"price_category":[85],"product_brand":[],"product_cat":[72],"product_tag":[],"class_list":{"0":"post-2163","1":"product","2":"type-product","3":"status-publish","4":"has-post-thumbnail","6":"time_category-excursion-journee-ou-demi-journee-sans-nuitee-de","7":"price_category-0-a-99-de","8":"product_cat-im-bewusstsein-der-natur","10":"first","11":"instock","12":"shipping-taxable","13":"purchasable","14":"product-type-simple"},"acf":[],"_links":{"self":[{"href":"https:\/\/a-hike.ch\/de\/wp-json\/wp\/v2\/product\/2163","targetHints":{"allow":["GET"]}}],"collection":[{"href":"https:\/\/a-hike.ch\/de\/wp-json\/wp\/v2\/product"}],"about":[{"href":"https:\/\/a-hike.ch\/de\/wp-json\/wp\/v2\/types\/product"}],"wp:featuredmedia":[{"embeddable":true,"href":"https:\/\/a-hike.ch\/de\/wp-json\/wp\/v2\/media\/882"}],"wp:attachment":[{"href":"https:\/\/a-hike.ch\/de\/wp-json\/wp\/v2\/media?parent=2163"}],"wp:term":[{"taxonomy":"time_category","embeddable":true,"href":"https:\/\/a-hike.ch\/de\/wp-json\/wp\/v2\/time_category?post=2163"},{"taxonomy":"price_category","embeddable":true,"href":"https:\/\/a-hike.ch\/de\/wp-json\/wp\/v2\/price_category?post=2163"},{"taxonomy":"product_brand","embeddable":true,"href":"https:\/\/a-hike.ch\/de\/wp-json\/wp\/v2\/product_brand?post=2163"},{"taxonomy":"product_cat","embeddable":true,"href":"https:\/\/a-hike.ch\/de\/wp-json\/wp\/v2\/product_cat?post=2163"},{"taxonomy":"product_tag","embeddable":true,"href":"https:\/\/a-hike.ch\/de\/wp-json\/wp\/v2\/product_tag?post=2163"}],"curies":[{"name":"wp","href":"https:\/\/api.w.org\/{rel}","templated":true}]}}