{"id":2167,"date":"2023-11-15T21:15:54","date_gmt":"2023-11-15T20:15:54","guid":{"rendered":"https:\/\/a-hike.ch\/?post_type=product&#038;p=2167"},"modified":"2024-03-15T16:12:50","modified_gmt":"2024-03-15T15:12:50","slug":"initiation-vannerie","status":"publish","type":"product","link":"https:\/\/a-hike.ch\/de\/produkt\/initiation-vannerie\/","title":{"rendered":"Initiation vannerie"},"content":{"rendered":"<ol>\n<li><span style=\"font-family: arial, sans-serif;\">Ils sont partout autour de nous, se tordent, se dressent, se tressent, se laissent faire ou se cassent. Nous allons apprendre \u00e0 les manier, \u00e0 les r\u00e9colter et \u00e0 les stocker. Leurs couleurs nous appellent \u00e0 la cr\u00e9ation par l\u2019imagination d\u2019un objet final que nous allons r\u00e9aliser de nos mains. Nous vous proposons deux jours o\u00f9 nous d\u00e9couvrirons ces v\u00e9g\u00e9taux de la tige \u00e0 la racine en passant par son \u00e9corce. Nous allons vous montrer le tressage de fibre, l\u2019assemblage de tige pour la r\u00e9alisation d\u2019un nichoir pour votre ext\u00e9rieur ou d\u2019un petit sac v\u00e9g\u00e9tal ou vous pourrez y mettre votre couteau de poche. Les saisons ne se ressemblent pas comme chaque esp\u00e8ce v\u00e9g\u00e9tale dans le monde de la vannerie!!!<\/span><\/li>\n<\/ol>\n","protected":false},"excerpt":{"rendered":"<h3>Tisser des liens avec nos mains<\/h3>\n","protected":false},"featured_media":3186,"template":"","meta":{"_acf_changed":false},"time_category":[80],"price_category":[85],"product_brand":[],"product_cat":[73,72],"product_tag":[],"class_list":{"0":"post-2167","1":"product","2":"type-product","3":"status-publish","4":"has-post-thumbnail","6":"time_category-excursion-journee-ou-demi-journee-sans-nuitee-de","7":"price_category-0-a-99-de","8":"product_cat-handwerk","9":"product_cat-im-bewusstsein-der-natur","11":"first","12":"outofstock","13":"shipping-taxable","14":"purchasable","15":"product-type-variable"},"acf":[],"_links":{"self":[{"href":"https:\/\/a-hike.ch\/de\/wp-json\/wp\/v2\/product\/2167","targetHints":{"allow":["GET"]}}],"collection":[{"href":"https:\/\/a-hike.ch\/de\/wp-json\/wp\/v2\/product"}],"about":[{"href":"https:\/\/a-hike.ch\/de\/wp-json\/wp\/v2\/types\/product"}],"wp:featuredmedia":[{"embeddable":true,"href":"https:\/\/a-hike.ch\/de\/wp-json\/wp\/v2\/media\/3186"}],"wp:attachment":[{"href":"https:\/\/a-hike.ch\/de\/wp-json\/wp\/v2\/media?parent=2167"}],"wp:term":[{"taxonomy":"time_category","embeddable":true,"href":"https:\/\/a-hike.ch\/de\/wp-json\/wp\/v2\/time_category?post=2167"},{"taxonomy":"price_category","embeddable":true,"href":"https:\/\/a-hike.ch\/de\/wp-json\/wp\/v2\/price_category?post=2167"},{"taxonomy":"product_brand","embeddable":true,"href":"https:\/\/a-hike.ch\/de\/wp-json\/wp\/v2\/product_brand?post=2167"},{"taxonomy":"product_cat","embeddable":true,"href":"https:\/\/a-hike.ch\/de\/wp-json\/wp\/v2\/product_cat?post=2167"},{"taxonomy":"product_tag","embeddable":true,"href":"https:\/\/a-hike.ch\/de\/wp-json\/wp\/v2\/product_tag?post=2167"}],"curies":[{"name":"wp","href":"https:\/\/api.w.org\/{rel}","templated":true}]}}