{"id":2175,"date":"2023-11-15T21:21:30","date_gmt":"2023-11-15T20:21:30","guid":{"rendered":"https:\/\/a-hike.ch\/?post_type=product&#038;p=2175"},"modified":"2026-02-13T10:06:43","modified_gmt":"2026-02-13T09:06:43","slug":"initiation-vannerie-3","status":"publish","type":"product","link":"https:\/\/a-hike.ch\/de\/produkt\/initiation-vannerie-3\/","title":{"rendered":"Einf\u00fchrung in die Korbflechterei, Herstellung eines Strohkorbs."},"content":{"rendered":"<p>Sie sind \u00fcberall um uns herum, sie winden sich, richten sich auf, verflechten sich, lassen sich formen oder brechen. Wir werden lernen, wie man sie handhabt, erntet und lagert. Ihre Farben regen unsere Fantasie an, ein Endprodukt zu entwerfen, das wir mit unseren eigenen H\u00e4nden herstellen werden. Wir bieten Ihnen zwei Tage, an denen wir diese Pflanzen vom Stiel \u00fcber die Rinde bis zur Wurzel entdecken werden. Wir zeigen Ihnen, wie man Fasern flechtet und Stiele zu einem Vogelh\u00e4uschen f\u00fcr Ihren Garten oder einer kleinen Tasche aus Pflanzenmaterial zusammenf\u00fcgt, in der Sie Ihr Taschenmesser aufbewahren k\u00f6nnen. Keine Jahreszeit gleicht der anderen, genauso wie keine Pflanzenart in der Welt der Korbflechterei der anderen gleicht! !<\/p>\n","protected":false},"excerpt":{"rendered":"<h3>Mit unseren H\u00e4nden Verbindungen kn\u00fcpfen.<\/h3>\n","protected":false},"featured_media":3964,"template":"","meta":{"_acf_changed":false},"time_category":[80],"price_category":[85],"product_brand":[],"product_cat":[73],"product_tag":[],"class_list":{"0":"post-2175","1":"product","2":"type-product","3":"status-publish","4":"has-post-thumbnail","6":"time_category-excursion-journee-ou-demi-journee-sans-nuitee-de","7":"price_category-0-a-99-de","8":"product_cat-handwerk","10":"first","11":"instock","12":"shipping-taxable","13":"purchasable","14":"product-type-variable"},"acf":[],"_links":{"self":[{"href":"https:\/\/a-hike.ch\/de\/wp-json\/wp\/v2\/product\/2175","targetHints":{"allow":["GET"]}}],"collection":[{"href":"https:\/\/a-hike.ch\/de\/wp-json\/wp\/v2\/product"}],"about":[{"href":"https:\/\/a-hike.ch\/de\/wp-json\/wp\/v2\/types\/product"}],"wp:featuredmedia":[{"embeddable":true,"href":"https:\/\/a-hike.ch\/de\/wp-json\/wp\/v2\/media\/3964"}],"wp:attachment":[{"href":"https:\/\/a-hike.ch\/de\/wp-json\/wp\/v2\/media?parent=2175"}],"wp:term":[{"taxonomy":"time_category","embeddable":true,"href":"https:\/\/a-hike.ch\/de\/wp-json\/wp\/v2\/time_category?post=2175"},{"taxonomy":"price_category","embeddable":true,"href":"https:\/\/a-hike.ch\/de\/wp-json\/wp\/v2\/price_category?post=2175"},{"taxonomy":"product_brand","embeddable":true,"href":"https:\/\/a-hike.ch\/de\/wp-json\/wp\/v2\/product_brand?post=2175"},{"taxonomy":"product_cat","embeddable":true,"href":"https:\/\/a-hike.ch\/de\/wp-json\/wp\/v2\/product_cat?post=2175"},{"taxonomy":"product_tag","embeddable":true,"href":"https:\/\/a-hike.ch\/de\/wp-json\/wp\/v2\/product_tag?post=2175"}],"curies":[{"name":"wp","href":"https:\/\/api.w.org\/{rel}","templated":true}]}}