{"id":2296,"date":"2023-03-05T10:13:57","date_gmt":"2023-03-05T09:13:57","guid":{"rendered":"https:\/\/a-hike.ch\/product\/wandern-bogenschiessen\/"},"modified":"2024-11-28T08:36:36","modified_gmt":"2024-11-28T07:36:36","slug":"wandern-bogenschiessen","status":"publish","type":"product","link":"https:\/\/a-hike.ch\/de\/produkt\/wandern-bogenschiessen\/","title":{"rendered":"Wandern &#038; Bogenschiessen\u2026"},"content":{"rendered":"<p>Diese Wanderung beginnt beim Restaurant le Grillon in Les Pr\u00e9s d&#8217;Orvin und f\u00fchrt zum Forest Jump neben der \u00e0 Bison Ranch. Auf dieser Asflug k\u00f6nnen wir uns vorstellen, wie die europ\u00e4ischen Steppen mit den grossen Pflanzenfressern aussahen, denn mit etwas Gl\u00fcck beobachten wir eine Herde von rund 60 amerikanischen Bisons. Auf dieser kurzen Wanderung entdecken wir die Flora des Berner Juras und geniessen die Landschaft in der N\u00e4he des Chasseral-Gipfels.<\/p>\n<p>Eine Einf\u00fchrung in das Bogenschiessen vermittelt die Grundlagen dieser Disziplin: eine angemessene K\u00f6rperhaltung, eine kontrollierte Pr\u00e4zision, ein bewusstes Loslassen&#8230; Anschliessend k\u00f6nnen sich die erfahreneren Teilnehmer an lebensgrossen Tierzielen \u00fcben. Ein spielerischer Ausflug mit \u00dcbungen f\u00fcr den ganzen K\u00f6rper, eine frische Luft in einem unber\u00fchrten Wald.<\/p>\n","protected":false},"excerpt":{"rendered":"<p>Wanderung und Einf\u00fchrung in das Bogenschiessen. Schiessen auf 3D-Schaumstoffziele<\/p>\n","protected":false},"featured_media":886,"template":"","meta":{"_acf_changed":false},"time_category":[80],"price_category":[85],"product_brand":[],"product_cat":[72],"product_tag":[],"class_list":{"0":"post-2296","1":"product","2":"type-product","3":"status-publish","4":"has-post-thumbnail","6":"time_category-excursion-journee-ou-demi-journee-sans-nuitee-de","7":"price_category-0-a-99-de","8":"product_cat-im-bewusstsein-der-natur","10":"first","11":"outofstock","12":"shipping-taxable","13":"purchasable","14":"product-type-simple"},"acf":[],"_links":{"self":[{"href":"https:\/\/a-hike.ch\/de\/wp-json\/wp\/v2\/product\/2296","targetHints":{"allow":["GET"]}}],"collection":[{"href":"https:\/\/a-hike.ch\/de\/wp-json\/wp\/v2\/product"}],"about":[{"href":"https:\/\/a-hike.ch\/de\/wp-json\/wp\/v2\/types\/product"}],"wp:featuredmedia":[{"embeddable":true,"href":"https:\/\/a-hike.ch\/de\/wp-json\/wp\/v2\/media\/886"}],"wp:attachment":[{"href":"https:\/\/a-hike.ch\/de\/wp-json\/wp\/v2\/media?parent=2296"}],"wp:term":[{"taxonomy":"time_category","embeddable":true,"href":"https:\/\/a-hike.ch\/de\/wp-json\/wp\/v2\/time_category?post=2296"},{"taxonomy":"price_category","embeddable":true,"href":"https:\/\/a-hike.ch\/de\/wp-json\/wp\/v2\/price_category?post=2296"},{"taxonomy":"product_brand","embeddable":true,"href":"https:\/\/a-hike.ch\/de\/wp-json\/wp\/v2\/product_brand?post=2296"},{"taxonomy":"product_cat","embeddable":true,"href":"https:\/\/a-hike.ch\/de\/wp-json\/wp\/v2\/product_cat?post=2296"},{"taxonomy":"product_tag","embeddable":true,"href":"https:\/\/a-hike.ch\/de\/wp-json\/wp\/v2\/product_tag?post=2296"}],"curies":[{"name":"wp","href":"https:\/\/api.w.org\/{rel}","templated":true}]}}