{"id":2301,"date":"2023-12-13T13:45:45","date_gmt":"2023-12-13T12:45:45","guid":{"rendered":"https:\/\/a-hike.ch\/?post_type=product&#038;p=2301"},"modified":"2024-03-06T19:12:06","modified_gmt":"2024-03-06T18:12:06","slug":"essbare-wildpflanzen-les-ecorcheresses-copie","status":"publish","type":"product","link":"https:\/\/a-hike.ch\/de\/produkt\/essbare-wildpflanzen-les-ecorcheresses-copie\/","title":{"rendered":"Essbare Wildpflanzen, Les Ecorcheresses"},"content":{"rendered":"<p>Der Tag beginnt mit einem Spaziergang durch verschiedene nat\u00fcrliche Umgebungen, nass an den Ufern der Suze oder eines Nebenflusses, dann trockener in einem Ruderalgebiet, um die wilden Pflanzen unserer Region zu entdecken. Wir sind besonders an den essbaren interessiert.<br \/>\nWir lernen, sie mit unseren Sinnen zu identifizieren. Wir entdecken, wie man sie pfl\u00fcckt, einige ihrer Tugenden und die giftigen Pflanzen, mit denen sie verwechselt werden k\u00f6nnen.<br \/>\nDann bringen wir unsere Ernte zur\u00fcck in die K\u00fcche, um sie in die H\u00e4nde zu bekommen und eine aussergew\u00f6hnliche Mahlzeit zuzubereiten.<br \/>\nDer Vorbereitungsworkshop bietet jedem, manchmal in kleinen Gruppen, die M\u00f6glichkeit, ein Rezept zu erstellen oder anzupassen, das Ihnen vorgeschlagen wird. Von der Vorspeise bis zum Dessert entdecken wir die Rezepte f\u00fcr die Zubereitung unserer Wildsammlung und verwandeln sie in k\u00f6stliche Gerichte.<\/p>\n","protected":false},"excerpt":{"rendered":"<h3>Botanischer Spaziergang und Pfl\u00fccken, Kochworkshop und Verkostung.<\/h3>\n","protected":false},"featured_media":935,"template":"","meta":{"_acf_changed":false},"time_category":[80],"price_category":[86],"product_brand":[],"product_cat":[71],"product_tag":[],"class_list":{"0":"post-2301","1":"product","2":"type-product","3":"status-publish","4":"has-post-thumbnail","6":"time_category-excursion-journee-ou-demi-journee-sans-nuitee-de","7":"price_category-100-a-299-de","8":"product_cat-wildpflanzen","10":"first","11":"outofstock","12":"shipping-taxable","13":"purchasable","14":"product-type-variable"},"acf":[],"_links":{"self":[{"href":"https:\/\/a-hike.ch\/de\/wp-json\/wp\/v2\/product\/2301","targetHints":{"allow":["GET"]}}],"collection":[{"href":"https:\/\/a-hike.ch\/de\/wp-json\/wp\/v2\/product"}],"about":[{"href":"https:\/\/a-hike.ch\/de\/wp-json\/wp\/v2\/types\/product"}],"wp:featuredmedia":[{"embeddable":true,"href":"https:\/\/a-hike.ch\/de\/wp-json\/wp\/v2\/media\/935"}],"wp:attachment":[{"href":"https:\/\/a-hike.ch\/de\/wp-json\/wp\/v2\/media?parent=2301"}],"wp:term":[{"taxonomy":"time_category","embeddable":true,"href":"https:\/\/a-hike.ch\/de\/wp-json\/wp\/v2\/time_category?post=2301"},{"taxonomy":"price_category","embeddable":true,"href":"https:\/\/a-hike.ch\/de\/wp-json\/wp\/v2\/price_category?post=2301"},{"taxonomy":"product_brand","embeddable":true,"href":"https:\/\/a-hike.ch\/de\/wp-json\/wp\/v2\/product_brand?post=2301"},{"taxonomy":"product_cat","embeddable":true,"href":"https:\/\/a-hike.ch\/de\/wp-json\/wp\/v2\/product_cat?post=2301"},{"taxonomy":"product_tag","embeddable":true,"href":"https:\/\/a-hike.ch\/de\/wp-json\/wp\/v2\/product_tag?post=2301"}],"curies":[{"name":"wp","href":"https:\/\/api.w.org\/{rel}","templated":true}]}}