{"id":2304,"date":"2023-11-15T10:42:37","date_gmt":"2023-11-15T09:42:37","guid":{"rendered":"https:\/\/a-hike.ch\/product\/gerben\/"},"modified":"2023-11-15T10:42:37","modified_gmt":"2023-11-15T09:42:37","slug":"gerben","status":"publish","type":"product","link":"https:\/\/a-hike.ch\/de\/produkt\/gerben\/","title":{"rendered":"Gerben"},"content":{"rendered":"<p>Techniken der Fett- und Rauchgerbung. Selbstverst\u00e4ndlich nehmen Sie Ihre Produktion mit nach Hause.<\/p>\n<p>Herstellung eines Pelzes und\/oder eines Buckskins (ein gesundes, atmungsaktives und waschbares Leder, das wunderbar geschmeidig, weich und widerstandsf\u00e4hig ist).<\/p>\n<p>Die Arbeit an den Fellen ist k\u00f6rperlich anstrengend (f\u00fcr jeden gesunden Menschen zug\u00e4nglich) und oft intensiv und anspruchsvoll. Aber es ist eine Disziplin, bei der sich die Anstrengungen lohnen! Um die grosse Verwandlung in drei Tagen m\u00f6glich zu machen, werden wir im Rhythmus der H\u00e4ute voranschreiten. Das bedeutet, dass wir die Abende unbedingt gemeinsam verbringen m\u00fcssen, um die verschiedenen Schl\u00fcsselschritte des Prozesses einzuhalten und jedem die M\u00f6glichkeit zu geben, ihnen zu folgen!<\/p>\n","protected":false},"excerpt":{"rendered":"<p>3 Tage, um zu lernen, wie man rohe Haut in ein edles Material verwandelt<\/p>\n","protected":false},"featured_media":2203,"template":"","meta":{"_acf_changed":false},"time_category":[82],"price_category":[86],"product_brand":[],"product_cat":[73],"product_tag":[],"class_list":{"0":"post-2304","1":"product","2":"type-product","3":"status-publish","4":"has-post-thumbnail","6":"time_category-sejour-courte-duree-2-a-3-nuits-de","7":"price_category-100-a-299-de","8":"product_cat-handwerk","10":"first","11":"instock","12":"shipping-taxable","13":"purchasable","14":"product-type-simple"},"acf":[],"_links":{"self":[{"href":"https:\/\/a-hike.ch\/de\/wp-json\/wp\/v2\/product\/2304","targetHints":{"allow":["GET"]}}],"collection":[{"href":"https:\/\/a-hike.ch\/de\/wp-json\/wp\/v2\/product"}],"about":[{"href":"https:\/\/a-hike.ch\/de\/wp-json\/wp\/v2\/types\/product"}],"wp:featuredmedia":[{"embeddable":true,"href":"https:\/\/a-hike.ch\/de\/wp-json\/wp\/v2\/media\/2203"}],"wp:attachment":[{"href":"https:\/\/a-hike.ch\/de\/wp-json\/wp\/v2\/media?parent=2304"}],"wp:term":[{"taxonomy":"time_category","embeddable":true,"href":"https:\/\/a-hike.ch\/de\/wp-json\/wp\/v2\/time_category?post=2304"},{"taxonomy":"price_category","embeddable":true,"href":"https:\/\/a-hike.ch\/de\/wp-json\/wp\/v2\/price_category?post=2304"},{"taxonomy":"product_brand","embeddable":true,"href":"https:\/\/a-hike.ch\/de\/wp-json\/wp\/v2\/product_brand?post=2304"},{"taxonomy":"product_cat","embeddable":true,"href":"https:\/\/a-hike.ch\/de\/wp-json\/wp\/v2\/product_cat?post=2304"},{"taxonomy":"product_tag","embeddable":true,"href":"https:\/\/a-hike.ch\/de\/wp-json\/wp\/v2\/product_tag?post=2304"}],"curies":[{"name":"wp","href":"https:\/\/api.w.org\/{rel}","templated":true}]}}