{"id":2378,"date":"2024-01-24T20:28:39","date_gmt":"2024-01-24T19:28:39","guid":{"rendered":"https:\/\/a-hike.ch\/?post_type=product&#038;p=2378"},"modified":"2026-02-07T08:53:52","modified_gmt":"2026-02-07T07:53:52","slug":"essbare-wildpflanzen-corgemont-copie-2","status":"publish","type":"product","link":"https:\/\/a-hike.ch\/de\/produkt\/essbare-wildpflanzen-corgemont-copie-2\/","title":{"rendered":"Fr\u00fchlingshafte Appetith\u00e4ppchen mit Wildkr\u00e4utern, Corg\u00e9mont"},"content":{"rendered":"<p>Der Tag beginnt mit einem Spaziergang durch verschiedene nat\u00fcrliche Umgebungen, nass an den Ufern der Suze oder eines Nebenflusses, dann trockener in einem Ruderalgebiet, um die wilden Pflanzen unserer Region zu entdecken. Wir sind besonders an den essbaren interessiert.<br \/>\nWir lernen, sie mit unseren Sinnen zu identifizieren. Wir entdecken, wie man sie pfl\u00fcckt, einige ihrer Tugenden und die giftigen Pflanzen, mit denen sie verwechselt werden k\u00f6nnen.<br \/>\nDann bringen wir unsere Ernte zur\u00fcck an den Rand des Feuers und legen Hand an, um verschiedene Appetith\u00e4ppchen zuzubereiten.<br \/>\nDer Vorbereitungsworkshop bietet jedem, manchmal in kleinen Gruppen, die M\u00f6glichkeit, ein Rezept zu erstellen oder anzupassen, das Ihnen vorgeschlagen wird. Von der Vorspeise bis zum Dessert entdecken wir die Rezepte f\u00fcr die Zubereitung unserer Wildsammlung und verwandeln sie in k\u00f6stliche Gerichte.<\/p>\n","protected":false},"excerpt":{"rendered":"<p>Botanischer Spaziergang und Sammeln, Kochworkshop, Verkostung eines Snacks<\/p>\n","protected":false},"featured_media":536,"template":"","meta":{"_acf_changed":false},"time_category":[80],"price_category":[85],"product_brand":[],"product_cat":[71],"product_tag":[],"class_list":{"0":"post-2378","1":"product","2":"type-product","3":"status-publish","4":"has-post-thumbnail","6":"time_category-excursion-journee-ou-demi-journee-sans-nuitee-de","7":"price_category-0-a-99-de","8":"product_cat-wildpflanzen","10":"first","11":"instock","12":"shipping-taxable","13":"purchasable","14":"product-type-variable"},"acf":[],"_links":{"self":[{"href":"https:\/\/a-hike.ch\/de\/wp-json\/wp\/v2\/product\/2378","targetHints":{"allow":["GET"]}}],"collection":[{"href":"https:\/\/a-hike.ch\/de\/wp-json\/wp\/v2\/product"}],"about":[{"href":"https:\/\/a-hike.ch\/de\/wp-json\/wp\/v2\/types\/product"}],"wp:featuredmedia":[{"embeddable":true,"href":"https:\/\/a-hike.ch\/de\/wp-json\/wp\/v2\/media\/536"}],"wp:attachment":[{"href":"https:\/\/a-hike.ch\/de\/wp-json\/wp\/v2\/media?parent=2378"}],"wp:term":[{"taxonomy":"time_category","embeddable":true,"href":"https:\/\/a-hike.ch\/de\/wp-json\/wp\/v2\/time_category?post=2378"},{"taxonomy":"price_category","embeddable":true,"href":"https:\/\/a-hike.ch\/de\/wp-json\/wp\/v2\/price_category?post=2378"},{"taxonomy":"product_brand","embeddable":true,"href":"https:\/\/a-hike.ch\/de\/wp-json\/wp\/v2\/product_brand?post=2378"},{"taxonomy":"product_cat","embeddable":true,"href":"https:\/\/a-hike.ch\/de\/wp-json\/wp\/v2\/product_cat?post=2378"},{"taxonomy":"product_tag","embeddable":true,"href":"https:\/\/a-hike.ch\/de\/wp-json\/wp\/v2\/product_tag?post=2378"}],"curies":[{"name":"wp","href":"https:\/\/api.w.org\/{rel}","templated":true}]}}