{"id":2451,"date":"2024-02-23T00:53:41","date_gmt":"2024-02-22T23:53:41","guid":{"rendered":"https:\/\/a-hike.ch\/?post_type=product&#038;p=2451"},"modified":"2024-11-21T16:18:38","modified_gmt":"2024-11-21T15:18:38","slug":"vielfaeltige-verwendungen-des-rohrkolbens-oder-typha-latifolia-l","status":"publish","type":"product","link":"https:\/\/a-hike.ch\/de\/produkt\/vielfaeltige-verwendungen-des-rohrkolbens-oder-typha-latifolia-l\/","title":{"rendered":"Vielf\u00e4ltige Verwendungen des Rohrkolbens oder Typha latifolia L."},"content":{"rendered":"<p>Welcher Ort w\u00e4re besser geeignet als das Pfahlbaudorf Gletterens, um die verschiedenen Arten, den Rohrkolben zu ehren, wiederzuentdecken?<\/p>\n<p>Dieses Schilfrohr aus der Familie der Typhaceae wurde wegen seiner vielf\u00e4ltigen Verwendungsm\u00f6glichkeiten genutzt. Auf dem Programm dieses zweit\u00e4gigen Workshops stehen:<\/p>\n<p>    Entdeckung und botanische Kenntnisse der sieben Sorten des Schweizer Rohrkolbens.<br \/>\n    Erntemethoden und -vorbereitungen f\u00fcr dieses Gem\u00fcse<br \/>\n    Herstellung eines Korbes aus den langen Bl\u00e4ttern.<br \/>\n    Herstellung einer isolierenden Matte<br \/>\n    Kochen von verschiedenen Gerichten aus dem Rhizom, dem Bl\u00fctenstand oder den jungen Trieben.<br \/>\n    Je nachdem, wie viel Zeit zur Verf\u00fcgung steht, Zubereitung eines Feueranz\u00fcndungssets durch Reiben mit dem als Zunder verwendeten St\u00e4ngel und Bl\u00fctenstand. Dies nach einem Salpeterbad<\/p>\n","protected":false},"excerpt":{"rendered":"<p>Zwei Tage, um die erstaunlichen Eigenschaften und vielf\u00e4ltigen Facetten des Rohrkolbens zu z\u00e4hmen.<\/p>\n","protected":false},"featured_media":2608,"template":"","meta":{"_acf_changed":false},"time_category":[81],"price_category":[86],"product_brand":[],"product_cat":[73],"product_tag":[],"class_list":{"0":"post-2451","1":"product","2":"type-product","3":"status-publish","4":"has-post-thumbnail","6":"time_category-fin-de-semaine-1-nuit-de","7":"price_category-100-a-299-de","8":"product_cat-handwerk","10":"first","11":"instock","12":"shipping-taxable","13":"purchasable","14":"product-type-variable"},"acf":[],"_links":{"self":[{"href":"https:\/\/a-hike.ch\/de\/wp-json\/wp\/v2\/product\/2451","targetHints":{"allow":["GET"]}}],"collection":[{"href":"https:\/\/a-hike.ch\/de\/wp-json\/wp\/v2\/product"}],"about":[{"href":"https:\/\/a-hike.ch\/de\/wp-json\/wp\/v2\/types\/product"}],"wp:featuredmedia":[{"embeddable":true,"href":"https:\/\/a-hike.ch\/de\/wp-json\/wp\/v2\/media\/2608"}],"wp:attachment":[{"href":"https:\/\/a-hike.ch\/de\/wp-json\/wp\/v2\/media?parent=2451"}],"wp:term":[{"taxonomy":"time_category","embeddable":true,"href":"https:\/\/a-hike.ch\/de\/wp-json\/wp\/v2\/time_category?post=2451"},{"taxonomy":"price_category","embeddable":true,"href":"https:\/\/a-hike.ch\/de\/wp-json\/wp\/v2\/price_category?post=2451"},{"taxonomy":"product_brand","embeddable":true,"href":"https:\/\/a-hike.ch\/de\/wp-json\/wp\/v2\/product_brand?post=2451"},{"taxonomy":"product_cat","embeddable":true,"href":"https:\/\/a-hike.ch\/de\/wp-json\/wp\/v2\/product_cat?post=2451"},{"taxonomy":"product_tag","embeddable":true,"href":"https:\/\/a-hike.ch\/de\/wp-json\/wp\/v2\/product_tag?post=2451"}],"curies":[{"name":"wp","href":"https:\/\/api.w.org\/{rel}","templated":true}]}}