{"id":2550,"date":"2024-04-02T23:01:26","date_gmt":"2024-04-02T21:01:26","guid":{"rendered":"https:\/\/a-hike.ch\/product\/teambuilding-im-brasilianischen-cerrado\/"},"modified":"2026-03-23T10:35:07","modified_gmt":"2026-03-23T09:35:07","slug":"teambuilding-im-brasilianischen-cerrado","status":"publish","type":"product","link":"https:\/\/a-hike.ch\/de\/produkt\/teambuilding-im-brasilianischen-cerrado\/","title":{"rendered":"Kulturbad im brasilianischen Cerrado"},"content":{"rendered":"<p>Die luxemburgische NGO Abram verfolgt das Ziel, das <strong>Bewusstsein <\/strong>f\u00fcr die grossen Herausforderungen unserer Zeit zu sch\u00e4rfen: <strong>\u00dcbergang <\/strong>und <strong>Resilienz<\/strong>. Als bescheidener Akteur des <strong>\u00f6kologischen \u00dcbergangs <\/strong>und <strong>des sozialen Wandels Wandels <\/strong>entfaltet Abram seine Aktionen in Projekten, die auf den Schutz und die Wiederherstellung der Umwelt basiert (Fauna und Flora), Sozial- und Bildungsarbeit, die Bek\u00e4mpfung von Ungleichheit, Achtung der Menschenrechte, fairer Handel und solidarischer \u00d6ko-Ethno-Tourismus.<br \/>\nDieser Hike, der mehrere Facetten der Arbeit der NGO kombiniert, l\u00e4dt zu einem solidarischen \u00d6ko-Bauprojekt ein. Im Wechsel mit ethno-touristischen Expeditionen: mehrt\u00e4gige Wanderungen von Wasserfall zu Wasserf\u00e4llen. Rafting mit rosafarbenen Delfinen auf dem Rio Paran\u00e3.<\/p>\n<p><strong>Solidarisches Workcamp<\/strong><br \/>\nIn einer idyllischen Umgebung werden die Teilnehmer im zentralbrasilianischen Hochland, im Savannenwald auf 800 bis 1800 Metern H\u00f6he, eine einzigartige Erfahrung machen. Begleitet von einem Team einheimischer Baumeister werden sie einen &#8222;Sonnenhut&#8220; mit traditionellen Techniken und zertifizierten nachhaltigen Materialien mit-bauen.<\/p>\n<p><strong>\u00d6ko-Ethno-Tourismus<\/strong><br \/>\nZu Fuss durch den Nationalpark &#8222;Chapada dos veadeiros&#8220;, der zum UNESCO-Weltkulturerbe geh\u00f6rt, und beim Rafting im Reservat &#8222;Quilombo Kalunga&#8220; auf dem Fluss Paran\u00e3, einem Nebenfluss des Tocantins, entdecken die Besucher ein Heiligtum \u00fcppiger Natur und begegnen dem Volk, das sie beh\u00fctet, den Kalungas. Zutiefst menschliche Erfahrungen: visuell, sensorisch, kulturell, musikalisch und kulinarisch.<\/p>\n<p><strong>Teambuilding und Lebenskunst<\/strong><br \/>\nTraditionelle brasilianische K\u00fcche, exotische Fr\u00fcchte in H\u00fclle und F\u00fclle, reichlich Sonne, Wasserf\u00e4lle inmitten von Savannenw\u00e4ldern, spektakul\u00e4re Nachthimmel, kollektives und solidarisches Bauen&#8230; alle Elemente sind versammelt, um unvergessliche Abenteuer zu erleben und unzerst\u00f6rbare Bindungen in Gemeinschaft mit sich selbst, mit seinem Team und mit der \u00fcppigen Natur der Umgebung zu kn\u00fcpfen.<\/p>\n","protected":false},"excerpt":{"rendered":"<h2>\u00d6ko-Bau und Ethno-Tourismus mit der NGO ABRAM<\/h2>\n","protected":false},"featured_media":2520,"template":"","meta":{"_acf_changed":false},"time_category":[191],"price_category":[88],"product_brand":[],"product_cat":[61],"product_tag":[],"class_list":{"0":"post-2550","1":"product","2":"type-product","3":"status-publish","4":"has-post-thumbnail","6":"time_category-autre-categories","7":"price_category-1500-et-plus-de","8":"product_cat-wanderungen-treks","10":"first","11":"instock","12":"shipping-taxable","13":"purchasable","14":"product-type-simple"},"acf":[],"_links":{"self":[{"href":"https:\/\/a-hike.ch\/de\/wp-json\/wp\/v2\/product\/2550","targetHints":{"allow":["GET"]}}],"collection":[{"href":"https:\/\/a-hike.ch\/de\/wp-json\/wp\/v2\/product"}],"about":[{"href":"https:\/\/a-hike.ch\/de\/wp-json\/wp\/v2\/types\/product"}],"wp:featuredmedia":[{"embeddable":true,"href":"https:\/\/a-hike.ch\/de\/wp-json\/wp\/v2\/media\/2520"}],"wp:attachment":[{"href":"https:\/\/a-hike.ch\/de\/wp-json\/wp\/v2\/media?parent=2550"}],"wp:term":[{"taxonomy":"time_category","embeddable":true,"href":"https:\/\/a-hike.ch\/de\/wp-json\/wp\/v2\/time_category?post=2550"},{"taxonomy":"price_category","embeddable":true,"href":"https:\/\/a-hike.ch\/de\/wp-json\/wp\/v2\/price_category?post=2550"},{"taxonomy":"product_brand","embeddable":true,"href":"https:\/\/a-hike.ch\/de\/wp-json\/wp\/v2\/product_brand?post=2550"},{"taxonomy":"product_cat","embeddable":true,"href":"https:\/\/a-hike.ch\/de\/wp-json\/wp\/v2\/product_cat?post=2550"},{"taxonomy":"product_tag","embeddable":true,"href":"https:\/\/a-hike.ch\/de\/wp-json\/wp\/v2\/product_tag?post=2550"}],"curies":[{"name":"wp","href":"https:\/\/api.w.org\/{rel}","templated":true}]}}