{"id":2614,"date":"2024-08-06T15:13:59","date_gmt":"2024-08-06T13:13:59","guid":{"rendered":"https:\/\/a-hike.ch\/?post_type=product&#038;p=2614"},"modified":"2025-12-11T13:29:34","modified_gmt":"2025-12-11T12:29:34","slug":"gamsen-bei-der-combe-grede-copie-2","status":"publish","type":"product","link":"https:\/\/a-hike.ch\/de\/produkt\/gamsen-bei-der-combe-grede-copie-2\/","title":{"rendered":"Waldbeeren und Wildpflanzen"},"content":{"rendered":"<p>Im Oktober reift eine Frucht nach der anderen heran. Die Natur hat die Sonne w\u00e4hrend der gesamten Sommersaison willkommen gehei\u00dfen und die wilden Beeren err\u00f6ten vor Freude und warten darauf, gepfl\u00fcckt zu werden. Die Wanderung wird es uns erm\u00f6glichen, Momente des Lernens und L\u00f6ffelns mit der Entdeckung einer wilden Landschaft zu verbinden. Eine perfekte Mischung f\u00fcr ein Vergn\u00fcgen f\u00fcr alle unsere Sinne.<\/p>\n","protected":false},"excerpt":{"rendered":"<p>Magerweiden im Berner Jura<\/p>\n","protected":false},"featured_media":882,"template":"","meta":{"_acf_changed":false},"time_category":[80],"price_category":[85],"product_brand":[],"product_cat":[71],"product_tag":[],"class_list":{"0":"post-2614","1":"product","2":"type-product","3":"status-publish","4":"has-post-thumbnail","6":"time_category-excursion-journee-ou-demi-journee-sans-nuitee-de","7":"price_category-0-a-99-de","8":"product_cat-wildpflanzen","10":"first","11":"instock","12":"shipping-taxable","13":"purchasable","14":"product-type-simple"},"acf":[],"_links":{"self":[{"href":"https:\/\/a-hike.ch\/de\/wp-json\/wp\/v2\/product\/2614","targetHints":{"allow":["GET"]}}],"collection":[{"href":"https:\/\/a-hike.ch\/de\/wp-json\/wp\/v2\/product"}],"about":[{"href":"https:\/\/a-hike.ch\/de\/wp-json\/wp\/v2\/types\/product"}],"wp:featuredmedia":[{"embeddable":true,"href":"https:\/\/a-hike.ch\/de\/wp-json\/wp\/v2\/media\/882"}],"wp:attachment":[{"href":"https:\/\/a-hike.ch\/de\/wp-json\/wp\/v2\/media?parent=2614"}],"wp:term":[{"taxonomy":"time_category","embeddable":true,"href":"https:\/\/a-hike.ch\/de\/wp-json\/wp\/v2\/time_category?post=2614"},{"taxonomy":"price_category","embeddable":true,"href":"https:\/\/a-hike.ch\/de\/wp-json\/wp\/v2\/price_category?post=2614"},{"taxonomy":"product_brand","embeddable":true,"href":"https:\/\/a-hike.ch\/de\/wp-json\/wp\/v2\/product_brand?post=2614"},{"taxonomy":"product_cat","embeddable":true,"href":"https:\/\/a-hike.ch\/de\/wp-json\/wp\/v2\/product_cat?post=2614"},{"taxonomy":"product_tag","embeddable":true,"href":"https:\/\/a-hike.ch\/de\/wp-json\/wp\/v2\/product_tag?post=2614"}],"curies":[{"name":"wp","href":"https:\/\/api.w.org\/{rel}","templated":true}]}}