{"id":2744,"date":"2024-09-26T07:59:30","date_gmt":"2024-09-26T05:59:30","guid":{"rendered":"https:\/\/a-hike.ch\/?post_type=product&#038;p=2744"},"modified":"2024-10-29T16:42:03","modified_gmt":"2024-10-29T15:42:03","slug":"yoga-und-waldbeeren-diesse-copie-copie","status":"publish","type":"product","link":"https:\/\/a-hike.ch\/de\/produkt\/yoga-und-waldbeeren-diesse-copie-copie\/","title":{"rendered":"Hike &#038; Yoga, Gryon"},"content":{"rendered":"<p>Gryon liegt in der N\u00e4he von Villars, wo wir in einer ruhigen Umgebung Yoga praktizieren und wandern werden. Untergebracht sind wir in Les Semailles, einer ungew\u00f6hnlichen Unterkunft mit herzlicher Atmosph\u00e4re. Von diesem Basislager aus werden wir verschiedene Wanderwege erkunden und atemberaubende Aussichten auf die Waadtl\u00e4nder Alpen, die Region der majest\u00e4tischen Dents du Midi und den Miroir d&#8217;Argentine geniessen.<\/p>\n<p>Das Programm sieht am Abend des ersten Tages eine Yogastunde vor. Am n\u00e4chsten Tag sorgt eine Morgensitzung f\u00fcr einen harmonischen Start in den Tag. Es folgt eine etwa zweist\u00fcndige Wanderung durch die wundersch\u00f6ne Landschaft von Gryon mit atemberaubenden Ausblicken auf die umliegenden Berggipfel. Yogastunde vor dem Picknick in der Natur. Am Nachmittag wandern wir zur\u00fcck zu unserer Unterkunft, um uns zu entspannen und die \u00fcberraschende und erfrischende Natur zu entdecken. Am Abend, nach dem Essen, wird uns eine weitere Yogastunde sanft auf den Eintritt in die Traumwelt vorbereiten. Der letzte Tag besteht aus einer oder zwei Yogastunden, je nach unserem Wanderrhythmus. Wir werden von Gryon aus zur\u00fcckkehren, was uns die M\u00f6glichkeit gibt, ein letztes Mal das aussergew\u00f6hnliche Panorama zu bewundern. Das Programm dieses Hike &#038; Yoga wird je nach Wetter und Gruppe angepasst.<\/p>\n","protected":false},"excerpt":{"rendered":"<h3>Die Verbindung von Yogapraxis und Wandern erm\u00f6glicht ein v\u00f6lliges Eintauchen in die Natur, deren Teil man geworden ist.<\/h3>\n","protected":false},"featured_media":534,"template":"","meta":{"_acf_changed":false},"time_category":[82],"price_category":[87],"product_brand":[],"product_cat":[72,61],"product_tag":[],"class_list":{"0":"post-2744","1":"product","2":"type-product","3":"status-publish","4":"has-post-thumbnail","6":"time_category-sejour-courte-duree-2-a-3-nuits-de","7":"price_category-300-a-999-de","8":"product_cat-im-bewusstsein-der-natur","9":"product_cat-wanderungen-treks","11":"first","12":"outofstock","13":"featured","14":"shipping-taxable","15":"purchasable","16":"product-type-variable"},"acf":[],"_links":{"self":[{"href":"https:\/\/a-hike.ch\/de\/wp-json\/wp\/v2\/product\/2744","targetHints":{"allow":["GET"]}}],"collection":[{"href":"https:\/\/a-hike.ch\/de\/wp-json\/wp\/v2\/product"}],"about":[{"href":"https:\/\/a-hike.ch\/de\/wp-json\/wp\/v2\/types\/product"}],"wp:featuredmedia":[{"embeddable":true,"href":"https:\/\/a-hike.ch\/de\/wp-json\/wp\/v2\/media\/534"}],"wp:attachment":[{"href":"https:\/\/a-hike.ch\/de\/wp-json\/wp\/v2\/media?parent=2744"}],"wp:term":[{"taxonomy":"time_category","embeddable":true,"href":"https:\/\/a-hike.ch\/de\/wp-json\/wp\/v2\/time_category?post=2744"},{"taxonomy":"price_category","embeddable":true,"href":"https:\/\/a-hike.ch\/de\/wp-json\/wp\/v2\/price_category?post=2744"},{"taxonomy":"product_brand","embeddable":true,"href":"https:\/\/a-hike.ch\/de\/wp-json\/wp\/v2\/product_brand?post=2744"},{"taxonomy":"product_cat","embeddable":true,"href":"https:\/\/a-hike.ch\/de\/wp-json\/wp\/v2\/product_cat?post=2744"},{"taxonomy":"product_tag","embeddable":true,"href":"https:\/\/a-hike.ch\/de\/wp-json\/wp\/v2\/product_tag?post=2744"}],"curies":[{"name":"wp","href":"https:\/\/api.w.org\/{rel}","templated":true}]}}