{"id":2987,"date":"2024-11-28T21:47:22","date_gmt":"2024-11-28T20:47:22","guid":{"rendered":"https:\/\/a-hike.ch\/?post_type=product&#038;p=2987"},"modified":"2025-12-11T09:07:35","modified_gmt":"2025-12-11T08:07:35","slug":"gamsen-bei-der-combe-grede-copie-3","status":"publish","type":"product","link":"https:\/\/a-hike.ch\/de\/produkt\/gamsen-bei-der-combe-grede-copie-3\/","title":{"rendered":"G\u00e4msen bei der Combe Gr\u00e8de"},"content":{"rendered":"<p>Wenn man in dem kleinen Dorf Villeret aus dem Zug steigt, erstreckt sich die M\u00e9tairie aux Renards nach S\u00fcden und l\u00e4dt zur Entdeckung ein. Dieses von der Erosion geformte Tal zieht sich bis zu den Gipfeln des Juras, die uns als Horizont dienen. Hier findet die G\u00e4mse, die Seele der Alpen, Zuflucht. Dank der Wiederansiedlung, die in den 1950er Jahren begann, konnte dieses elegante Tier seine Heimat im Jura wiederfinden. Der Herbst hat sich hier mit seinen warmen Farben, goldenen Bl\u00e4ttern und Morgennebeln niedergelassen. Wir beginnen unsere Wanderung auf einer H\u00f6he von 740 m im milden Licht der Jahreszeit. Der Weg f\u00fchrt uns langsam und ohne Eile durch den Tannen- und Buchenwald. Der mit duftenden Bl\u00e4ttern und Nadeln bedeckte Boden verstr\u00f6mt herbstliche D\u00fcfte, w\u00e4hrend das Fl\u00fcstern des Windes in den \u00c4sten uns den Weg weist.<\/p>\n<p>Je h\u00f6her wir kommen, desto weiter \u00f6ffnet sich die Landschaft. Die bewaldeten, von Felsen durchzogenen Weiden offenbaren ihren Reichtum an Pflanzen und Tieren. In dieser zugleich wilden und friedlichen Umgebung versteckt sich die G\u00e4mse, die in den B\u00fcschen oder auf den Gipfeln der Bergk\u00e4mme lauert. Die Brunftzeit ist in vollem Gange und wenn man genau hinh\u00f6rt, kann man das Grunzen der M\u00e4nnchen h\u00f6ren, ein tiefes Echo, das im Tal widerhallt.<\/p>\n<p>Von einem Vorsprung aus breitet sich die wundersch\u00f6ne Combe Gr\u00e8de vor unseren Augen aus, als w\u00e4re sie in der Zeit stehen geblieben. Der ferne Horizont scheint mit dem Nebel zu verschmelzen. Und vielleicht hebt im selben Moment ein Adler ab, der majest\u00e4tisch \u00fcber die Gipfel gleitet.<\/p>\n","protected":false},"excerpt":{"rendered":"<p>Tierbeobachtung und Wanderung in einem Naturschutzgebiet<\/p>\n","protected":false},"featured_media":2991,"template":"","meta":{"_acf_changed":false},"time_category":[80],"price_category":[85],"product_brand":[],"product_cat":[72],"product_tag":[],"class_list":{"0":"post-2987","1":"product","2":"type-product","3":"status-publish","4":"has-post-thumbnail","6":"time_category-excursion-journee-ou-demi-journee-sans-nuitee-de","7":"price_category-0-a-99-de","8":"product_cat-im-bewusstsein-der-natur","10":"first","11":"outofstock","12":"shipping-taxable","13":"purchasable","14":"product-type-variable"},"acf":[],"_links":{"self":[{"href":"https:\/\/a-hike.ch\/de\/wp-json\/wp\/v2\/product\/2987","targetHints":{"allow":["GET"]}}],"collection":[{"href":"https:\/\/a-hike.ch\/de\/wp-json\/wp\/v2\/product"}],"about":[{"href":"https:\/\/a-hike.ch\/de\/wp-json\/wp\/v2\/types\/product"}],"wp:featuredmedia":[{"embeddable":true,"href":"https:\/\/a-hike.ch\/de\/wp-json\/wp\/v2\/media\/2991"}],"wp:attachment":[{"href":"https:\/\/a-hike.ch\/de\/wp-json\/wp\/v2\/media?parent=2987"}],"wp:term":[{"taxonomy":"time_category","embeddable":true,"href":"https:\/\/a-hike.ch\/de\/wp-json\/wp\/v2\/time_category?post=2987"},{"taxonomy":"price_category","embeddable":true,"href":"https:\/\/a-hike.ch\/de\/wp-json\/wp\/v2\/price_category?post=2987"},{"taxonomy":"product_brand","embeddable":true,"href":"https:\/\/a-hike.ch\/de\/wp-json\/wp\/v2\/product_brand?post=2987"},{"taxonomy":"product_cat","embeddable":true,"href":"https:\/\/a-hike.ch\/de\/wp-json\/wp\/v2\/product_cat?post=2987"},{"taxonomy":"product_tag","embeddable":true,"href":"https:\/\/a-hike.ch\/de\/wp-json\/wp\/v2\/product_tag?post=2987"}],"curies":[{"name":"wp","href":"https:\/\/api.w.org\/{rel}","templated":true}]}}