{"id":3074,"date":"2025-01-17T09:02:23","date_gmt":"2025-01-17T08:02:23","guid":{"rendered":"https:\/\/a-hike.ch\/?post_type=product&#038;p=3074"},"modified":"2025-01-28T12:52:13","modified_gmt":"2025-01-28T11:52:13","slug":"kanufahren-und-biber-beobachten-copie","status":"publish","type":"product","link":"https:\/\/a-hike.ch\/de\/produkt\/kanufahren-und-biber-beobachten-copie\/","title":{"rendered":"Kanufahren und Biber beobachten"},"content":{"rendered":"<p>Im ruhigen Wasser des Bielersees und seiner angrenzenden Kan\u00e4le spiegelt sich der Abendhimmel. Ein paar Schilfrohre wiegen sich sanft und Enten gleiten friedlich dahin, getragen von einer leichten Brise. Wir erkunden diese zauberhafte Umgebung auf einer abendlichen Kanutour. Ein idealer Abend, um die heimische Tierwelt zu beobachten. Werden wir einen Biber sehen, der einen m\u00e4chtigen Ast transportiert, oder einen anderen Uferbewohner?  <\/p>\n<p>Auf diesem Ausflug wirst du von zwei passionierten Kanuten begleitet. Der eine, ein Spezialist f\u00fcr Wildwassersportarten, wird dich betreuen und dich in die Grundlagen einf\u00fchren, die notwendig sind, um sich in aller Sicherheit zu bewegen. Der andere, ein erfahrener Wanderleiter, wird sein Wissen \u00fcber die \u00d6kosysteme des Sees und seiner Umgebung mit dir teilen. Die gesamte Ausr\u00fcstung &#8211; Kanu oder Kajak, Paddel, Helm und Weste &#8211; wird selbstverst\u00e4ndlich zur Verf\u00fcgung gestellt, um deinen Komfort und deine Sicherheit zu gew\u00e4hrleisten.  <\/p>\n<p>Die Biberbilder wurden freundlicherweise von Christof Angst zur Verf\u00fcgung gestellt &#8211; alle Rechte vorbehalten.<\/p>\n","protected":false},"excerpt":{"rendered":"<p>Ein Abend, um die Tierwelt vom Kanu oder Kajak aus zu beobachten. Werden wir einen Biber oder einen anderen Bewohner des Seeufers sehen?<\/p>\n","protected":false},"featured_media":3063,"template":"","meta":{"_acf_changed":false},"time_category":[80],"price_category":[85],"product_brand":[],"product_cat":[72],"product_tag":[],"class_list":{"0":"post-3074","1":"product","2":"type-product","3":"status-publish","4":"has-post-thumbnail","6":"time_category-excursion-journee-ou-demi-journee-sans-nuitee-de","7":"price_category-0-a-99-de","8":"product_cat-im-bewusstsein-der-natur","10":"first","11":"outofstock","12":"featured","13":"shipping-taxable","14":"purchasable","15":"product-type-variable"},"acf":[],"_links":{"self":[{"href":"https:\/\/a-hike.ch\/de\/wp-json\/wp\/v2\/product\/3074","targetHints":{"allow":["GET"]}}],"collection":[{"href":"https:\/\/a-hike.ch\/de\/wp-json\/wp\/v2\/product"}],"about":[{"href":"https:\/\/a-hike.ch\/de\/wp-json\/wp\/v2\/types\/product"}],"wp:featuredmedia":[{"embeddable":true,"href":"https:\/\/a-hike.ch\/de\/wp-json\/wp\/v2\/media\/3063"}],"wp:attachment":[{"href":"https:\/\/a-hike.ch\/de\/wp-json\/wp\/v2\/media?parent=3074"}],"wp:term":[{"taxonomy":"time_category","embeddable":true,"href":"https:\/\/a-hike.ch\/de\/wp-json\/wp\/v2\/time_category?post=3074"},{"taxonomy":"price_category","embeddable":true,"href":"https:\/\/a-hike.ch\/de\/wp-json\/wp\/v2\/price_category?post=3074"},{"taxonomy":"product_brand","embeddable":true,"href":"https:\/\/a-hike.ch\/de\/wp-json\/wp\/v2\/product_brand?post=3074"},{"taxonomy":"product_cat","embeddable":true,"href":"https:\/\/a-hike.ch\/de\/wp-json\/wp\/v2\/product_cat?post=3074"},{"taxonomy":"product_tag","embeddable":true,"href":"https:\/\/a-hike.ch\/de\/wp-json\/wp\/v2\/product_tag?post=3074"}],"curies":[{"name":"wp","href":"https:\/\/api.w.org\/{rel}","templated":true}]}}