{"id":3082,"date":"2025-01-21T14:45:22","date_gmt":"2025-01-21T13:45:22","guid":{"rendered":"https:\/\/a-hike.ch\/?post_type=product&#038;p=3082"},"modified":"2026-01-29T11:25:06","modified_gmt":"2026-01-29T10:25:06","slug":"winter-biwak-berner-alpen-copie","status":"publish","type":"product","link":"https:\/\/a-hike.ch\/de\/produkt\/winter-biwak-berner-alpen-copie\/","title":{"rendered":"Iglu-Bau und Spielspass, Chasseral"},"content":{"rendered":"<p>An diesem Tag, umgeben von Schnee, kannst du in eine kreative und spielerische Welt ausserhalb der Zeit eintauchen.<\/p>\n<p>In Begleitung eines Guides und mit Schneeschuhen an den F\u00fcssen begeben wir uns an den idealen Ort, um unser Iglu zu bauen. Wir vermitteln Ihnen die Techniken zum Bau eines Iglus: Auswahl der Methode je nach Schnee, Schneiden der Bl\u00f6cke oder Anlegen eines lockeren Schneehaufens, spiralf\u00f6rmiges Zusammenf\u00fcgen der Trapeze, Ausheben eines Eingangs und Fertigstellung. Jeder beteiligt sich am Bau seines Iglu, einem wahren verg\u00e4nglichen Palast.<\/p>\n<p>Ein gemeinsam zubereiteter warmer Imbiss w\u00e4rmt uns und bringt uns bei diesem gemeinsamen Erlebnis zusammen.<\/p>\n<p>F\u00fcr die Abenteuerlustigen kann dieser Tag mit einer aussergew\u00f6hnlichen \u00dcbernachtung im frisch gebauten Iglu verl\u00e4ngert werden.<\/p>\n","protected":false},"excerpt":{"rendered":"<h3><strong>Eine Nacht und zwei Hikes lang &#8211; Gastgeber von Mutter Natur sein<\/strong><\/h3>\n","protected":false},"featured_media":406,"template":"","meta":{"_acf_changed":false},"time_category":[80],"price_category":[86],"product_brand":[],"product_cat":[75],"product_tag":[],"class_list":{"0":"post-3082","1":"product","2":"type-product","3":"status-publish","4":"has-post-thumbnail","6":"time_category-excursion-journee-ou-demi-journee-sans-nuitee-de","7":"price_category-100-a-299-de","8":"product_cat-winter-schneeschuhe-hotel-huette-biwak","10":"first","11":"outofstock","12":"shipping-taxable","13":"purchasable","14":"product-type-variable"},"acf":[],"_links":{"self":[{"href":"https:\/\/a-hike.ch\/de\/wp-json\/wp\/v2\/product\/3082","targetHints":{"allow":["GET"]}}],"collection":[{"href":"https:\/\/a-hike.ch\/de\/wp-json\/wp\/v2\/product"}],"about":[{"href":"https:\/\/a-hike.ch\/de\/wp-json\/wp\/v2\/types\/product"}],"wp:featuredmedia":[{"embeddable":true,"href":"https:\/\/a-hike.ch\/de\/wp-json\/wp\/v2\/media\/406"}],"wp:attachment":[{"href":"https:\/\/a-hike.ch\/de\/wp-json\/wp\/v2\/media?parent=3082"}],"wp:term":[{"taxonomy":"time_category","embeddable":true,"href":"https:\/\/a-hike.ch\/de\/wp-json\/wp\/v2\/time_category?post=3082"},{"taxonomy":"price_category","embeddable":true,"href":"https:\/\/a-hike.ch\/de\/wp-json\/wp\/v2\/price_category?post=3082"},{"taxonomy":"product_brand","embeddable":true,"href":"https:\/\/a-hike.ch\/de\/wp-json\/wp\/v2\/product_brand?post=3082"},{"taxonomy":"product_cat","embeddable":true,"href":"https:\/\/a-hike.ch\/de\/wp-json\/wp\/v2\/product_cat?post=3082"},{"taxonomy":"product_tag","embeddable":true,"href":"https:\/\/a-hike.ch\/de\/wp-json\/wp\/v2\/product_tag?post=3082"}],"curies":[{"name":"wp","href":"https:\/\/api.w.org\/{rel}","templated":true}]}}