{"id":3161,"date":"2025-03-06T13:27:30","date_gmt":"2025-03-06T12:27:30","guid":{"rendered":"https:\/\/a-hike.ch\/?post_type=product&#038;p=3161"},"modified":"2026-01-29T09:54:19","modified_gmt":"2026-01-29T08:54:19","slug":"vollmondwanderung-marchen-fondue-copie-4","status":"publish","type":"product","link":"https:\/\/a-hike.ch\/de\/produkt\/vollmondwanderung-marchen-fondue-copie-4\/","title":{"rendered":"Vollmondwanderung: M\u00e4rchen &#038; Fondue"},"content":{"rendered":"<p>Der Schnee knirscht unter unseren F\u00fcssen, unsere Augen haben sich an die Helligkeit dieser besonderen Nacht gew\u00f6hnt. Es ist Vollmond, die Nacht der Hexen, Zauberer und Troubadoure!<\/p>\n<p>Die Nacht wird zu einem gez\u00e4hmten Ort und die Wolken k\u00f6nnen der Weite des Himmels ein sanftes Relief verleihen. Was ist das f\u00fcr ein Stern? Was ist das f\u00fcr ein Schatten in der Ferne? Ein Gnom, eine Elfe oder eine Hexe vom Jurakamm? In der Pause w\u00e4rmt uns der Tee, ein M\u00e4rchen oder eine Legende wird mit dir geteilt. Auf halber Strecke angekommen, wird am Feuer ein Fondue serviert. Das Gl\u00fcck ist einfach, man muss nur da sein, um es zu sp\u00fcren. Ein 45-min\u00fctiger Spaziergang schliesst den Hike im Mondschein ab.<\/p>\n","protected":false},"excerpt":{"rendered":"<p>M\u00e4rchen und Legenden aus der Region werden auf dieser Wanderung erz\u00e4hlt.<\/p>\n","protected":false},"featured_media":430,"template":"","meta":{"_acf_changed":false},"time_category":[80],"price_category":[85],"product_brand":[],"product_cat":[75,76],"product_tag":[],"class_list":{"0":"post-3161","1":"product","2":"type-product","3":"status-publish","4":"has-post-thumbnail","6":"time_category-excursion-journee-ou-demi-journee-sans-nuitee-de","7":"price_category-0-a-99-de","8":"product_cat-winter-schneeschuhe-hotel-huette-biwak","9":"product_cat-nacht-vollmond-legenden-geschichten-raclette-fondue-fauna-beobachtung","11":"first","12":"instock","13":"purchasable","14":"product-type-variable"},"acf":[],"_links":{"self":[{"href":"https:\/\/a-hike.ch\/de\/wp-json\/wp\/v2\/product\/3161","targetHints":{"allow":["GET"]}}],"collection":[{"href":"https:\/\/a-hike.ch\/de\/wp-json\/wp\/v2\/product"}],"about":[{"href":"https:\/\/a-hike.ch\/de\/wp-json\/wp\/v2\/types\/product"}],"wp:featuredmedia":[{"embeddable":true,"href":"https:\/\/a-hike.ch\/de\/wp-json\/wp\/v2\/media\/430"}],"wp:attachment":[{"href":"https:\/\/a-hike.ch\/de\/wp-json\/wp\/v2\/media?parent=3161"}],"wp:term":[{"taxonomy":"time_category","embeddable":true,"href":"https:\/\/a-hike.ch\/de\/wp-json\/wp\/v2\/time_category?post=3161"},{"taxonomy":"price_category","embeddable":true,"href":"https:\/\/a-hike.ch\/de\/wp-json\/wp\/v2\/price_category?post=3161"},{"taxonomy":"product_brand","embeddable":true,"href":"https:\/\/a-hike.ch\/de\/wp-json\/wp\/v2\/product_brand?post=3161"},{"taxonomy":"product_cat","embeddable":true,"href":"https:\/\/a-hike.ch\/de\/wp-json\/wp\/v2\/product_cat?post=3161"},{"taxonomy":"product_tag","embeddable":true,"href":"https:\/\/a-hike.ch\/de\/wp-json\/wp\/v2\/product_tag?post=3161"}],"curies":[{"name":"wp","href":"https:\/\/api.w.org\/{rel}","templated":true}]}}