{"id":3391,"date":"2025-06-09T16:14:17","date_gmt":"2025-06-09T14:14:17","guid":{"rendered":"https:\/\/a-hike.ch\/product\/naturbaustelle-fuer-die-biodiversitaet\/"},"modified":"2025-11-18T08:51:14","modified_gmt":"2025-11-18T07:51:14","slug":"naturbaustelle-fuer-die-biodiversitaet","status":"publish","type":"product","link":"https:\/\/a-hike.ch\/de\/produkt\/naturbaustelle-fuer-die-biodiversitaet\/","title":{"rendered":"Naturbaustelle f\u00fcr die Biodiversit\u00e4t, La Heutte"},"content":{"rendered":"<p>Ob Unternehmen oder Einzelperson \u2013 schliessen Sie sich dieser Gruppe an und verbringen Sie einen Tag im Dienste der Natur. Eine einzigartige Erfahrung, die k\u00f6rperliche Arbeit mit Teambuilding verbindet. Bei dieser unterhaltsamen Aktivit\u00e4t erfahren Sie mehr \u00fcber die einzigartige Umwelt der Bergregion des Berner Jura. In Begleitung eines Naturf\u00fchrers und eines Gel\u00e4ndespezialisten k\u00fcmmern Sie sich um die Artenvielfalt in den Lichtungen der Region La Heutte. <\/p>\n<p>In kleinen Gruppen werden wir das Gebiet von armenischen Brombeeren befreien, dornige B\u00fcsche zur\u00fcckschneiden und Holzstapel anlegen, um zur Erhaltung der Harmonie der Umwelt beizutragen. Diese verbliebenen Lichtungen bergen wahre Sch\u00e4tze: Dank dir haben Martagon-Lilien, Orchideen und andere faszinierende Insekten nun einen bevorzugten Lebensraum gefunden.<\/p>\n<p>Der Tag wird gepr\u00e4gt sein von Phasen der Arbeit im Freien, lehrreichen Momenten und einer Auszeit bei einem Essen und einem Aperitif, die mit regionalen Produkten zubereitet werden.<\/p>\n","protected":false},"excerpt":{"rendered":"<p>Sich um eine Magerwiese k\u00fcmmern und die vielf\u00e4ltigen Verbindungen des Lebens kennenlernen<\/p>\n","protected":false},"featured_media":3339,"template":"","meta":{"_acf_changed":false},"time_category":[80],"price_category":[86],"product_brand":[],"product_cat":[72],"product_tag":[],"class_list":{"0":"post-3391","1":"product","2":"type-product","3":"status-publish","4":"has-post-thumbnail","6":"time_category-excursion-journee-ou-demi-journee-sans-nuitee-de","7":"price_category-100-a-299-de","8":"product_cat-im-bewusstsein-der-natur","10":"first","11":"outofstock","12":"shipping-taxable","13":"purchasable","14":"product-type-simple"},"acf":[],"_links":{"self":[{"href":"https:\/\/a-hike.ch\/de\/wp-json\/wp\/v2\/product\/3391","targetHints":{"allow":["GET"]}}],"collection":[{"href":"https:\/\/a-hike.ch\/de\/wp-json\/wp\/v2\/product"}],"about":[{"href":"https:\/\/a-hike.ch\/de\/wp-json\/wp\/v2\/types\/product"}],"wp:featuredmedia":[{"embeddable":true,"href":"https:\/\/a-hike.ch\/de\/wp-json\/wp\/v2\/media\/3339"}],"wp:attachment":[{"href":"https:\/\/a-hike.ch\/de\/wp-json\/wp\/v2\/media?parent=3391"}],"wp:term":[{"taxonomy":"time_category","embeddable":true,"href":"https:\/\/a-hike.ch\/de\/wp-json\/wp\/v2\/time_category?post=3391"},{"taxonomy":"price_category","embeddable":true,"href":"https:\/\/a-hike.ch\/de\/wp-json\/wp\/v2\/price_category?post=3391"},{"taxonomy":"product_brand","embeddable":true,"href":"https:\/\/a-hike.ch\/de\/wp-json\/wp\/v2\/product_brand?post=3391"},{"taxonomy":"product_cat","embeddable":true,"href":"https:\/\/a-hike.ch\/de\/wp-json\/wp\/v2\/product_cat?post=3391"},{"taxonomy":"product_tag","embeddable":true,"href":"https:\/\/a-hike.ch\/de\/wp-json\/wp\/v2\/product_tag?post=3391"}],"curies":[{"name":"wp","href":"https:\/\/api.w.org\/{rel}","templated":true}]}}