{"id":3546,"date":"2025-08-21T18:37:07","date_gmt":"2025-08-21T16:37:07","guid":{"rendered":"https:\/\/a-hike.ch\/?post_type=product&#038;p=3546"},"modified":"2025-11-04T21:47:45","modified_gmt":"2025-11-04T20:47:45","slug":"westalpen-zu-fuss-ans-mittelmeer-3-brianconnais-copie","status":"publish","type":"product","link":"https:\/\/a-hike.ch\/de\/produkt\/westalpen-zu-fuss-ans-mittelmeer-3-brianconnais-copie\/","title":{"rendered":"Westalpen, zu Fuss ans Mittelmeer 4"},"content":{"rendered":"<p>Der vierte Abschnitt der Westalpen-Tour beginnt im Queyras im D\u00e9partement Hautes-Alpes, durchquert das Einzugsgebiet der Ubaye in den Alpes de Haute-Provence und endet im Val Stura auf der italienischen Seite der Alpes Maritimes. Damit markiert diese Etappe den \u00dcbergang vom alpinen Gebiet zur Mittelmeerregion. Wir erleben die spezielle Flora und Fauna sowie die Bewirtschaftungsformen dieser Alpengegend und nat\u00fcrlich die herrlichen Landschaften. Luft, Licht, Farben und das Wesen der Einheimischen ver\u00e4ndern sich. Liegt es wohl daran, dass wir uns immer mehr dem Mittelmeer n\u00e4hern?<\/p>\n","protected":false},"excerpt":{"rendered":"<h2>Die vierte Etappe des GR5 f\u00fchrt uns in die Ubaye-Valle Stura<\/h2>\n","protected":false},"featured_media":3843,"template":"","meta":{"_acf_changed":false},"time_category":[191],"price_category":[88],"product_brand":[],"product_cat":[61],"product_tag":[],"class_list":{"0":"post-3546","1":"product","2":"type-product","3":"status-publish","4":"has-post-thumbnail","6":"time_category-autre-categories","7":"price_category-1500-et-plus-de","8":"product_cat-wanderungen-treks","10":"first","11":"instock","12":"featured","13":"shipping-taxable","14":"purchasable","15":"product-type-simple"},"acf":[],"_links":{"self":[{"href":"https:\/\/a-hike.ch\/de\/wp-json\/wp\/v2\/product\/3546","targetHints":{"allow":["GET"]}}],"collection":[{"href":"https:\/\/a-hike.ch\/de\/wp-json\/wp\/v2\/product"}],"about":[{"href":"https:\/\/a-hike.ch\/de\/wp-json\/wp\/v2\/types\/product"}],"wp:featuredmedia":[{"embeddable":true,"href":"https:\/\/a-hike.ch\/de\/wp-json\/wp\/v2\/media\/3843"}],"wp:attachment":[{"href":"https:\/\/a-hike.ch\/de\/wp-json\/wp\/v2\/media?parent=3546"}],"wp:term":[{"taxonomy":"time_category","embeddable":true,"href":"https:\/\/a-hike.ch\/de\/wp-json\/wp\/v2\/time_category?post=3546"},{"taxonomy":"price_category","embeddable":true,"href":"https:\/\/a-hike.ch\/de\/wp-json\/wp\/v2\/price_category?post=3546"},{"taxonomy":"product_brand","embeddable":true,"href":"https:\/\/a-hike.ch\/de\/wp-json\/wp\/v2\/product_brand?post=3546"},{"taxonomy":"product_cat","embeddable":true,"href":"https:\/\/a-hike.ch\/de\/wp-json\/wp\/v2\/product_cat?post=3546"},{"taxonomy":"product_tag","embeddable":true,"href":"https:\/\/a-hike.ch\/de\/wp-json\/wp\/v2\/product_tag?post=3546"}],"curies":[{"name":"wp","href":"https:\/\/api.w.org\/{rel}","templated":true}]}}