{"id":3565,"date":"2024-11-13T08:08:37","date_gmt":"2024-11-13T07:08:37","guid":{"rendered":"https:\/\/a-hike.ch\/product\/geschichte-und-techniken-des-feuers\/"},"modified":"2024-11-13T08:08:37","modified_gmt":"2024-11-13T07:08:37","slug":"geschichte-und-techniken-des-feuers","status":"publish","type":"product","link":"https:\/\/a-hike.ch\/de\/produkt\/geschichte-und-techniken-des-feuers\/","title":{"rendered":"Geschichte und Techniken des Feuers"},"content":{"rendered":"<p>Es gibt zahlreiche Techniken, um Feuer zu entfachen, zu erhalten und wieder zu l\u00f6schen. Wir werden einige davon behandeln und uns die Zeit nehmen, das Entfachen von Feuer durch Schlag und Reibung zu \u00fcben. Das Thema Isolierung wird mit einer Erkl\u00e4rung der wichtigsten Reflektoren rund um ein Lagerfeuer behandelt, aber auch im Hinblick auf die Isolierung unseres K\u00f6rpers in Extremsituationen. W\u00e4hrend die Feuerstelle W\u00e4rme abgibt, nutzen wir die Gelegenheit, um Brot zu backen. Ein weiterer spannender Aspekt ist die Entdeckung der Energiequellen in der Geschichte der Menschheit und die Bedeutung jeder Ressource im Verh\u00e4ltnis zu ihrer Nutzung.<\/p>\n","protected":false},"excerpt":{"rendered":"<p>Feuer durch Schlag und Reibung entfachen. Die Geschichte des Feuers und die M\u00f6glichkeiten und Grenzen dieser Techniken kennenlernen.<\/p>\n","protected":false},"featured_media":2870,"template":"","meta":{"_acf_changed":false},"time_category":[80],"price_category":[86],"product_brand":[],"product_cat":[73],"product_tag":[],"class_list":{"0":"post-3565","1":"product","2":"type-product","3":"status-publish","4":"has-post-thumbnail","6":"time_category-excursion-journee-ou-demi-journee-sans-nuitee-de","7":"price_category-100-a-299-de","8":"product_cat-handwerk","10":"first","11":"outofstock","12":"shipping-taxable","13":"purchasable","14":"product-type-simple"},"acf":[],"_links":{"self":[{"href":"https:\/\/a-hike.ch\/de\/wp-json\/wp\/v2\/product\/3565","targetHints":{"allow":["GET"]}}],"collection":[{"href":"https:\/\/a-hike.ch\/de\/wp-json\/wp\/v2\/product"}],"about":[{"href":"https:\/\/a-hike.ch\/de\/wp-json\/wp\/v2\/types\/product"}],"wp:featuredmedia":[{"embeddable":true,"href":"https:\/\/a-hike.ch\/de\/wp-json\/wp\/v2\/media\/2870"}],"wp:attachment":[{"href":"https:\/\/a-hike.ch\/de\/wp-json\/wp\/v2\/media?parent=3565"}],"wp:term":[{"taxonomy":"time_category","embeddable":true,"href":"https:\/\/a-hike.ch\/de\/wp-json\/wp\/v2\/time_category?post=3565"},{"taxonomy":"price_category","embeddable":true,"href":"https:\/\/a-hike.ch\/de\/wp-json\/wp\/v2\/price_category?post=3565"},{"taxonomy":"product_brand","embeddable":true,"href":"https:\/\/a-hike.ch\/de\/wp-json\/wp\/v2\/product_brand?post=3565"},{"taxonomy":"product_cat","embeddable":true,"href":"https:\/\/a-hike.ch\/de\/wp-json\/wp\/v2\/product_cat?post=3565"},{"taxonomy":"product_tag","embeddable":true,"href":"https:\/\/a-hike.ch\/de\/wp-json\/wp\/v2\/product_tag?post=3565"}],"curies":[{"name":"wp","href":"https:\/\/api.w.org\/{rel}","templated":true}]}}