{"id":3735,"date":"2025-09-04T12:08:54","date_gmt":"2025-09-04T10:08:54","guid":{"rendered":"https:\/\/a-hike.ch\/?post_type=product&#038;p=3735"},"modified":"2025-09-22T11:33:56","modified_gmt":"2025-09-22T09:33:56","slug":"naturbaustelle-fur-die-biodiversitat-copie-2","status":"publish","type":"product","link":"https:\/\/a-hike.ch\/de\/produkt\/naturbaustelle-fur-die-biodiversitat-copie-2\/","title":{"rendered":"Naturbaustelle f\u00fcr die Biodiversit\u00e4t, Teich in Corg\u00e9mont"},"content":{"rendered":"<p>Verbringe einen Tag in der Natur: Ein einzigartiges Erlebnis, das einen Moment des Teamzusammenhalts mit spielerischem Lernen \u00fcber die eigene Umwelt verbindet. Mit einem Bergf\u00fchrer k\u00fcmmerst du dich um die Artenvielfalt auf den Lichtungen des Scheulte-Gebiets.Du arbeitest im Team, um das Gebiet der Adlerfarne auszud\u00fcnnen und so zur Erhaltung der Harmonie der Umwelt beizutragen, und entdeckst die Sch\u00e4tze des Ortes: die T\u00fcrkenbundlilien, Orchideen und andere faszinierende Insekten.<\/p>\n<p>Der Tag wird rhythmisiert zwischen Bewegungsphasen und p\u00e4dagogischen Zeiten sowie einem Moment der Entspannung bei einem Aperitif, der mit Produkten aus der Region gekocht wird.<\/p>\n","protected":false},"excerpt":{"rendered":"<p>Sich um eine Magerwiese k\u00fcmmern und die vielf\u00e4ltigen Verbindungen des Lebens kennenlernen<\/p>\n","protected":false},"featured_media":3339,"template":"","meta":{"_acf_changed":false},"time_category":[80],"price_category":[85],"product_brand":[],"product_cat":[72],"product_tag":[],"class_list":{"0":"post-3735","1":"product","2":"type-product","3":"status-publish","4":"has-post-thumbnail","6":"time_category-excursion-journee-ou-demi-journee-sans-nuitee-de","7":"price_category-0-a-99-de","8":"product_cat-im-bewusstsein-der-natur","10":"first","11":"instock","12":"shipping-taxable","13":"purchasable","14":"product-type-simple"},"acf":[],"_links":{"self":[{"href":"https:\/\/a-hike.ch\/de\/wp-json\/wp\/v2\/product\/3735","targetHints":{"allow":["GET"]}}],"collection":[{"href":"https:\/\/a-hike.ch\/de\/wp-json\/wp\/v2\/product"}],"about":[{"href":"https:\/\/a-hike.ch\/de\/wp-json\/wp\/v2\/types\/product"}],"wp:featuredmedia":[{"embeddable":true,"href":"https:\/\/a-hike.ch\/de\/wp-json\/wp\/v2\/media\/3339"}],"wp:attachment":[{"href":"https:\/\/a-hike.ch\/de\/wp-json\/wp\/v2\/media?parent=3735"}],"wp:term":[{"taxonomy":"time_category","embeddable":true,"href":"https:\/\/a-hike.ch\/de\/wp-json\/wp\/v2\/time_category?post=3735"},{"taxonomy":"price_category","embeddable":true,"href":"https:\/\/a-hike.ch\/de\/wp-json\/wp\/v2\/price_category?post=3735"},{"taxonomy":"product_brand","embeddable":true,"href":"https:\/\/a-hike.ch\/de\/wp-json\/wp\/v2\/product_brand?post=3735"},{"taxonomy":"product_cat","embeddable":true,"href":"https:\/\/a-hike.ch\/de\/wp-json\/wp\/v2\/product_cat?post=3735"},{"taxonomy":"product_tag","embeddable":true,"href":"https:\/\/a-hike.ch\/de\/wp-json\/wp\/v2\/product_tag?post=3735"}],"curies":[{"name":"wp","href":"https:\/\/api.w.org\/{rel}","templated":true}]}}