{"id":3769,"date":"2025-09-22T17:16:51","date_gmt":"2025-09-22T15:16:51","guid":{"rendered":"https:\/\/a-hike.ch\/?post_type=product&#038;p=3769"},"modified":"2025-09-22T18:03:20","modified_gmt":"2025-09-22T16:03:20","slug":"winter-biwak-mont-tendre-copie","status":"publish","type":"product","link":"https:\/\/a-hike.ch\/de\/produkt\/winter-biwak-mont-tendre-copie\/","title":{"rendered":"Winter Biwak: Simplon"},"content":{"rendered":"<p>Eine \u00dcbernachtung in der Natur bedeutet, die Sehnsucht nach Abenteuer und einfachem Vergn\u00fcgen zu stillen und die Hausschuhe und \u00fcberf\u00fcllten H\u00fctten anderen zu \u00fcberlassen.<\/p>\n<p>Wir helfen Ihnen bei der Auswahl Ihrer Ausr\u00fcstung f\u00fcr das Biwak. Wenn der Tag gekommen ist, f\u00fchrt uns eine Schneeschuhwanderung zu unserem Palast der tausend Sterne. Wir bereiten ein gemeinsames Essen \u00fcber dem Feuer zu und begleiten Sie bei der Errichtung Ihres Nachtlagers. Grundlagen des Orientierungswissens sowie der Umgang mit dem Kompass werden vermittelt. Am n\u00e4chsten Tag gibt uns ein Fr\u00fchst\u00fcck mit Vogelgezwitscher Kraft und Elan f\u00fcr den neuen Tag im Schnee. Auf dem anschliessenden Spaziergang lernen wir die Umgebung, die uns f\u00fcr eine Nacht beherbergt hat, besser kennen. Eine Nacht ausserhalb der Zeit. Die R\u00fcckkehr in die Zivilisation wird sich aufdr\u00e4ngen, es sei denn, Sie haben vor, dieses Erlebnis allein zu verl\u00e4ngern&#8230;<\/p>\n","protected":false},"excerpt":{"rendered":"<h2><strong>Eine Nacht und zwei Hikes &#8211; lang Gastgeber von Mutter Natur sein<\/strong><\/h2>\n","protected":false},"featured_media":375,"template":"","meta":{"_acf_changed":false},"time_category":[82],"price_category":[86],"product_brand":[],"product_cat":[75],"product_tag":[],"class_list":{"0":"post-3769","1":"product","2":"type-product","3":"status-publish","4":"has-post-thumbnail","6":"time_category-sejour-courte-duree-2-a-3-nuits-de","7":"price_category-100-a-299-de","8":"product_cat-winter-schneeschuhe-hotel-huette-biwak","10":"first","11":"outofstock","12":"shipping-taxable","13":"purchasable","14":"product-type-variable"},"acf":[],"_links":{"self":[{"href":"https:\/\/a-hike.ch\/de\/wp-json\/wp\/v2\/product\/3769","targetHints":{"allow":["GET"]}}],"collection":[{"href":"https:\/\/a-hike.ch\/de\/wp-json\/wp\/v2\/product"}],"about":[{"href":"https:\/\/a-hike.ch\/de\/wp-json\/wp\/v2\/types\/product"}],"wp:featuredmedia":[{"embeddable":true,"href":"https:\/\/a-hike.ch\/de\/wp-json\/wp\/v2\/media\/375"}],"wp:attachment":[{"href":"https:\/\/a-hike.ch\/de\/wp-json\/wp\/v2\/media?parent=3769"}],"wp:term":[{"taxonomy":"time_category","embeddable":true,"href":"https:\/\/a-hike.ch\/de\/wp-json\/wp\/v2\/time_category?post=3769"},{"taxonomy":"price_category","embeddable":true,"href":"https:\/\/a-hike.ch\/de\/wp-json\/wp\/v2\/price_category?post=3769"},{"taxonomy":"product_brand","embeddable":true,"href":"https:\/\/a-hike.ch\/de\/wp-json\/wp\/v2\/product_brand?post=3769"},{"taxonomy":"product_cat","embeddable":true,"href":"https:\/\/a-hike.ch\/de\/wp-json\/wp\/v2\/product_cat?post=3769"},{"taxonomy":"product_tag","embeddable":true,"href":"https:\/\/a-hike.ch\/de\/wp-json\/wp\/v2\/product_tag?post=3769"}],"curies":[{"name":"wp","href":"https:\/\/api.w.org\/{rel}","templated":true}]}}