{"id":3891,"date":"2025-11-04T23:46:39","date_gmt":"2025-11-04T22:46:39","guid":{"rendered":"https:\/\/a-hike.ch\/product\/via-alta-idra-cristallina-barone\/"},"modified":"2025-11-17T14:27:41","modified_gmt":"2025-11-17T13:27:41","slug":"via-alta-idra-cristallina-barone","status":"publish","type":"product","link":"https:\/\/a-hike.ch\/de\/produkt\/via-alta-idra-cristallina-barone\/","title":{"rendered":"Via Alta Idra, Cristallina &#8211; Barone"},"content":{"rendered":"<p>Die Via Alta Idra, Abschnitt Cristallina-Barone, ist eine mehrt\u00e4gige Alpenwanderung, die durch das Val Bedretto f\u00fchrt und nach Cornone f\u00fchrt. Der September ist die ideale Zeit, um die Herbstfarben zu bewundern. Diese Hochgebirgsroute f\u00fchrt an ber\u00fchmten Bergh\u00fctten wie der Cristallina, der Garzonera und der Le\u00ect vorbei. Sie bietet einen spektakul\u00e4ren Einblick in die Schweizer Alpenlandschaft mit Blick auf Bergseen und beeindruckende Felsmassive. <\/p>\n<p>    Es handelt sich um eine anspruchsvolle Bergtour. Die Route beginnt in der N\u00e4he der Cristallina-H\u00fctte, einem strategisch g\u00fcnstigen Ausgangspunkt mit Panoramablick auf die Gletscher, und f\u00fchrt dann durch felsige Landschaften und Hochalmen.<br \/>\n    Aussergew\u00f6hnliche Aussichtspunkte: Der Weg schl\u00e4ngelt sich durch das Val Bedretto und bietet herrliche Ausblicke auf das Gotthardmassiv, bevor er weiter in Richtung Cornone f\u00fchrt. Die Route f\u00fchrt durch Sumpfgebiete, Almweiden und W\u00e4lder und bietet eine grosse Vielfalt an Landschaften.<br \/>\nEine H\u00fcttenerfahrung: Die Wanderung wird durch Zwischenstopps in Hochgebirgsh\u00fctten unterbrochen, wie beispielsweise der Cristallina-H\u00fctte, die \u00fcber moderne Unterk\u00fcnfte und Infrastruktur verf\u00fcgt, oder der unbewirtschafteten Garzonera-H\u00fctte. Der Aufenthalt in einer Bergh\u00fctte ist ein authentisches Erlebnis, bei dem man die Umgebung in vollen Z\u00fcgen geniessen kann.<\/p>\n<p>Der September ist die ideale Zeit f\u00fcr diese Wanderung, da das Wetter in der Regel stabiler ist und die Herbstfarben ein einzigartiges Schauspiel bieten. <\/p>\n","protected":false},"excerpt":{"rendered":"<p>Alpenwanderung in der S\u00fcdschweiz<\/p>\n","protected":false},"featured_media":2580,"template":"","meta":{"_acf_changed":false},"time_category":[82],"price_category":[91],"product_brand":[],"product_cat":[61],"product_tag":[],"class_list":{"0":"post-3891","1":"product","2":"type-product","3":"status-publish","4":"has-post-thumbnail","6":"time_category-sejour-courte-duree-2-a-3-nuits-de","7":"price_category-1000-bis-1499","8":"product_cat-wanderungen-treks","10":"first","11":"instock","12":"featured","13":"shipping-taxable","14":"purchasable","15":"product-type-simple"},"acf":[],"_links":{"self":[{"href":"https:\/\/a-hike.ch\/de\/wp-json\/wp\/v2\/product\/3891","targetHints":{"allow":["GET"]}}],"collection":[{"href":"https:\/\/a-hike.ch\/de\/wp-json\/wp\/v2\/product"}],"about":[{"href":"https:\/\/a-hike.ch\/de\/wp-json\/wp\/v2\/types\/product"}],"wp:featuredmedia":[{"embeddable":true,"href":"https:\/\/a-hike.ch\/de\/wp-json\/wp\/v2\/media\/2580"}],"wp:attachment":[{"href":"https:\/\/a-hike.ch\/de\/wp-json\/wp\/v2\/media?parent=3891"}],"wp:term":[{"taxonomy":"time_category","embeddable":true,"href":"https:\/\/a-hike.ch\/de\/wp-json\/wp\/v2\/time_category?post=3891"},{"taxonomy":"price_category","embeddable":true,"href":"https:\/\/a-hike.ch\/de\/wp-json\/wp\/v2\/price_category?post=3891"},{"taxonomy":"product_brand","embeddable":true,"href":"https:\/\/a-hike.ch\/de\/wp-json\/wp\/v2\/product_brand?post=3891"},{"taxonomy":"product_cat","embeddable":true,"href":"https:\/\/a-hike.ch\/de\/wp-json\/wp\/v2\/product_cat?post=3891"},{"taxonomy":"product_tag","embeddable":true,"href":"https:\/\/a-hike.ch\/de\/wp-json\/wp\/v2\/product_tag?post=3891"}],"curies":[{"name":"wp","href":"https:\/\/api.w.org\/{rel}","templated":true}]}}