{"id":4068,"date":"2025-12-24T20:26:46","date_gmt":"2025-12-24T19:26:46","guid":{"rendered":"https:\/\/a-hike.ch\/?post_type=product&#038;p=4068"},"modified":"2026-03-24T11:57:34","modified_gmt":"2026-03-24T10:57:34","slug":"kletterkurs-einfuhrung-tessin-copie","status":"publish","type":"product","link":"https:\/\/a-hike.ch\/de\/produkt\/kletterkurs-einfuhrung-tessin-copie\/","title":{"rendered":"Klettern auf Mehrseill\u00e4ngenrouten &#8211; Jura"},"content":{"rendered":"<p>Entdecke das Klettern auf Mehrseill\u00e4ngenrouten im Jura (Jura und Berner Jura) w\u00e4hrend eines Tages. Das Ziel des Tages ist nat\u00fcrlich, eine Mehrseill\u00e4ngenroute deines Niveaus zu klettern, aber auch die f\u00fcr das Klettern auf Mehrseill\u00e4ngenrouten n\u00fctzlichen Handgriffe zu erlernen, wie man ein Abseilger\u00e4t installiert und abseilt, die Kommunikation und die wenigen notwendigen Knoten.<\/p>\n","protected":false},"excerpt":{"rendered":"<p>Entdecke die gro\u00dfartigen Kletterrouten im Jura!<\/p>\n","protected":false},"featured_media":4080,"template":"","meta":{"_acf_changed":false},"time_category":[80],"price_category":[87],"product_brand":[],"product_cat":[196],"product_tag":[],"class_list":{"0":"post-4068","1":"product","2":"type-product","3":"status-publish","4":"has-post-thumbnail","6":"time_category-excursion-journee-ou-demi-journee-sans-nuitee-de","7":"price_category-300-a-999-de","8":"product_cat-klettern","10":"first","11":"instock","12":"shipping-taxable","13":"purchasable","14":"product-type-variable"},"acf":[],"_links":{"self":[{"href":"https:\/\/a-hike.ch\/de\/wp-json\/wp\/v2\/product\/4068","targetHints":{"allow":["GET"]}}],"collection":[{"href":"https:\/\/a-hike.ch\/de\/wp-json\/wp\/v2\/product"}],"about":[{"href":"https:\/\/a-hike.ch\/de\/wp-json\/wp\/v2\/types\/product"}],"wp:featuredmedia":[{"embeddable":true,"href":"https:\/\/a-hike.ch\/de\/wp-json\/wp\/v2\/media\/4080"}],"wp:attachment":[{"href":"https:\/\/a-hike.ch\/de\/wp-json\/wp\/v2\/media?parent=4068"}],"wp:term":[{"taxonomy":"time_category","embeddable":true,"href":"https:\/\/a-hike.ch\/de\/wp-json\/wp\/v2\/time_category?post=4068"},{"taxonomy":"price_category","embeddable":true,"href":"https:\/\/a-hike.ch\/de\/wp-json\/wp\/v2\/price_category?post=4068"},{"taxonomy":"product_brand","embeddable":true,"href":"https:\/\/a-hike.ch\/de\/wp-json\/wp\/v2\/product_brand?post=4068"},{"taxonomy":"product_cat","embeddable":true,"href":"https:\/\/a-hike.ch\/de\/wp-json\/wp\/v2\/product_cat?post=4068"},{"taxonomy":"product_tag","embeddable":true,"href":"https:\/\/a-hike.ch\/de\/wp-json\/wp\/v2\/product_tag?post=4068"}],"curies":[{"name":"wp","href":"https:\/\/api.w.org\/{rel}","templated":true}]}}