{"id":4101,"date":"2026-01-03T20:45:05","date_gmt":"2026-01-03T19:45:05","guid":{"rendered":"https:\/\/a-hike.ch\/?post_type=product&#038;p=4101"},"modified":"2026-03-31T09:30:00","modified_gmt":"2026-03-31T07:30:00","slug":"val-de-travers-gletscherhohlen-und-schluchten-im-jura-copie","status":"publish","type":"product","link":"https:\/\/a-hike.ch\/de\/produkt\/val-de-travers-gletscherhohlen-und-schluchten-im-jura-copie\/","title":{"rendered":"Ostern: Schneeschuhtage im Val S-charl"},"content":{"rendered":"<p>Zwischen Unterengadin, Ofenpass und Biosfera Val M\u00fcstair erschliesst sich uns im Val S-charl ein Paradies f\u00fcr grossartige Schneeschuhwanderungen. Unerreichbar f\u00fcr den motorisierten Verkehr, wird das an den Nationalpark und Italien grenzende Tal im Winter nur von Pferdekutschen erschlossen und ist ansonsten nur auf Schneeschuhen oder Skiern erreichbar. Im Weiler mit seinen paar H\u00e4usern gibt es in der kalten Jahreszeit gerade mal ein offenes Gasthaus. Wer Ruhe sucht und einmal dort zu Gast war, kehrt immer wieder gern zur\u00fcck.<\/p>\n<p>Nach der Wanderung von Minschuns nach S-charl am ersten Tag bieten sich, nat\u00fcrlich immer je nach Schnee- und Lawinenverh\u00e4ltnissen, einige M\u00f6glichkeiten, um zwei sch\u00f6ne Touren zu unternehmen. Am Ostermontag wartet als letzter H\u00f6hepunkt die Wanderung durch den Arvenwald God Tamangur hin\u00fcber ins M\u00fcnstertal.<\/p>\n","protected":false},"excerpt":{"rendered":"<p>Unerreichbar f\u00fcr den motorisierten Verkehr<\/p>\n","protected":false},"featured_media":4105,"template":"","meta":{"_acf_changed":false},"time_category":[82],"price_category":[91],"product_brand":[],"product_cat":[75],"product_tag":[],"class_list":{"0":"post-4101","1":"product","2":"type-product","3":"status-publish","4":"has-post-thumbnail","6":"time_category-sejour-courte-duree-2-a-3-nuits-de","7":"price_category-1000-bis-1499","8":"product_cat-winter-schneeschuhe-hotel-huette-biwak","10":"first","11":"instock","12":"shipping-taxable","13":"purchasable","14":"product-type-simple"},"acf":[],"_links":{"self":[{"href":"https:\/\/a-hike.ch\/de\/wp-json\/wp\/v2\/product\/4101","targetHints":{"allow":["GET"]}}],"collection":[{"href":"https:\/\/a-hike.ch\/de\/wp-json\/wp\/v2\/product"}],"about":[{"href":"https:\/\/a-hike.ch\/de\/wp-json\/wp\/v2\/types\/product"}],"wp:featuredmedia":[{"embeddable":true,"href":"https:\/\/a-hike.ch\/de\/wp-json\/wp\/v2\/media\/4105"}],"wp:attachment":[{"href":"https:\/\/a-hike.ch\/de\/wp-json\/wp\/v2\/media?parent=4101"}],"wp:term":[{"taxonomy":"time_category","embeddable":true,"href":"https:\/\/a-hike.ch\/de\/wp-json\/wp\/v2\/time_category?post=4101"},{"taxonomy":"price_category","embeddable":true,"href":"https:\/\/a-hike.ch\/de\/wp-json\/wp\/v2\/price_category?post=4101"},{"taxonomy":"product_brand","embeddable":true,"href":"https:\/\/a-hike.ch\/de\/wp-json\/wp\/v2\/product_brand?post=4101"},{"taxonomy":"product_cat","embeddable":true,"href":"https:\/\/a-hike.ch\/de\/wp-json\/wp\/v2\/product_cat?post=4101"},{"taxonomy":"product_tag","embeddable":true,"href":"https:\/\/a-hike.ch\/de\/wp-json\/wp\/v2\/product_tag?post=4101"}],"curies":[{"name":"wp","href":"https:\/\/api.w.org\/{rel}","templated":true}]}}