{"id":4131,"date":"2026-01-08T17:25:37","date_gmt":"2026-01-08T16:25:37","guid":{"rendered":"https:\/\/a-hike.ch\/?post_type=product&#038;p=4131"},"modified":"2026-01-28T14:55:09","modified_gmt":"2026-01-28T13:55:09","slug":"wandernacht-auf-dem-chasseral-copie-2","status":"publish","type":"product","link":"https:\/\/a-hike.ch\/de\/produkt\/wandernacht-auf-dem-chasseral-copie-2\/","title":{"rendered":"Vollmondwanderung: Geschichten und Raclette in Les Pr\u00e9s d\u2019Orvin"},"content":{"rendered":"<p>Erleben Sie unter dem Vollmond des Sp\u00e4tsommers ein sinnliches Erlebnis in Les Pr\u00e9s-d&#8217;Orvin. Entdecken Sie die Geschichte und die Artenvielfalt auf den Wegen der Wiedert\u00e4ufer bis hin zu den bewaldeten Weiden des Grand Chasseral. In der N\u00e4he des Forest Jump und der Bison Ranch geniessen wir gemeinsam ein Raclette im Freien am Lagerfeuer. Zwischen D\u00e4mmerung und Sternenhimmel offenbart sich die Natur auf ganz neue Weise. Ein einzigartiges n\u00e4chtliches Abenteuer zum Abschluss der Saison mit Blick auf den Chasseral, das majest\u00e4tische Wahrzeichen unserer Region.<\/p>\n","protected":false},"excerpt":{"rendered":"<p>Wanderung am Ende des Tages, Abend am Lagerfeuer und Nachtwanderung<\/p>\n","protected":false},"featured_media":4143,"template":"","meta":{"_acf_changed":false},"time_category":[80],"price_category":[85],"product_brand":[],"product_cat":[76],"product_tag":[],"class_list":{"0":"post-4131","1":"product","2":"type-product","3":"status-publish","4":"has-post-thumbnail","6":"time_category-excursion-journee-ou-demi-journee-sans-nuitee-de","7":"price_category-0-a-99-de","8":"product_cat-nacht-vollmond-legenden-geschichten-raclette-fondue-fauna-beobachtung","10":"first","11":"instock","12":"shipping-taxable","13":"purchasable","14":"product-type-variable"},"acf":[],"_links":{"self":[{"href":"https:\/\/a-hike.ch\/de\/wp-json\/wp\/v2\/product\/4131","targetHints":{"allow":["GET"]}}],"collection":[{"href":"https:\/\/a-hike.ch\/de\/wp-json\/wp\/v2\/product"}],"about":[{"href":"https:\/\/a-hike.ch\/de\/wp-json\/wp\/v2\/types\/product"}],"wp:featuredmedia":[{"embeddable":true,"href":"https:\/\/a-hike.ch\/de\/wp-json\/wp\/v2\/media\/4143"}],"wp:attachment":[{"href":"https:\/\/a-hike.ch\/de\/wp-json\/wp\/v2\/media?parent=4131"}],"wp:term":[{"taxonomy":"time_category","embeddable":true,"href":"https:\/\/a-hike.ch\/de\/wp-json\/wp\/v2\/time_category?post=4131"},{"taxonomy":"price_category","embeddable":true,"href":"https:\/\/a-hike.ch\/de\/wp-json\/wp\/v2\/price_category?post=4131"},{"taxonomy":"product_brand","embeddable":true,"href":"https:\/\/a-hike.ch\/de\/wp-json\/wp\/v2\/product_brand?post=4131"},{"taxonomy":"product_cat","embeddable":true,"href":"https:\/\/a-hike.ch\/de\/wp-json\/wp\/v2\/product_cat?post=4131"},{"taxonomy":"product_tag","embeddable":true,"href":"https:\/\/a-hike.ch\/de\/wp-json\/wp\/v2\/product_tag?post=4131"}],"curies":[{"name":"wp","href":"https:\/\/api.w.org\/{rel}","templated":true}]}}