{"id":4174,"date":"2026-01-23T08:10:33","date_gmt":"2026-01-23T07:10:33","guid":{"rendered":"https:\/\/a-hike.ch\/?post_type=product&#038;p=4174"},"modified":"2026-01-23T08:17:47","modified_gmt":"2026-01-23T07:17:47","slug":"praehistorische-keramik-sommerlich-copie","status":"publish","type":"product","link":"https:\/\/a-hike.ch\/de\/produkt\/praehistorische-keramik-sommerlich-copie\/","title":{"rendered":"Pr\u00e4historische Keramik, herbstlich"},"content":{"rendered":"<p>Am ersten Tag begeben Virus an den nat\u00fcrlichen Standort der Tonerde, um sie auf umweltfreundliche Weise zu sammeln. Anschliessend lernen wir, wie wir den Ton mithilfe verschiedener Techniken wie Trocknen, Zerschlagen, und Sieben vorbereiten, damit er formbar ist.<\/p>\n<p>Am zweiten Tag werden wir unsere Werke formen und polieren und sie anschiessend am Feuer trocknen, was ein wichtiger Schritt ist, um ihre Festigkeit zu gew\u00e4hrleisten.<\/p>\n<p>Am dritten Tag schiedlich werden wir im Wald Holz sammeln, das wir sp\u00e4ter Kalibrieren werden. Damit k\u00f6nnen wir das offene Feuer anheizen, das unsere Kreationen zum Leben erweckt und ihnen ihre endg\u00fcltige Festigkeit verleiht.<\/p>\n<p>So k\u00f6nnen Sie die uralten Techniken der pr\u00e4historischen T\u00f6pferei kennenlernen und gleichzeitig die Natur respektieren.<\/p>\n<p>&nbsp;<\/p>\n","protected":false},"excerpt":{"rendered":"<p>Sammeln, Formen und Brennen von selbst gesammelter Tonerde.<\/p>\n","protected":false},"featured_media":3403,"template":"","meta":{"_acf_changed":false},"time_category":[],"price_category":[],"product_brand":[],"product_cat":[73],"product_tag":[],"class_list":{"0":"post-4174","1":"product","2":"type-product","3":"status-publish","4":"has-post-thumbnail","6":"product_cat-handwerk","8":"first","9":"instock","10":"shipping-taxable","11":"purchasable","12":"product-type-variable"},"acf":[],"_links":{"self":[{"href":"https:\/\/a-hike.ch\/de\/wp-json\/wp\/v2\/product\/4174","targetHints":{"allow":["GET"]}}],"collection":[{"href":"https:\/\/a-hike.ch\/de\/wp-json\/wp\/v2\/product"}],"about":[{"href":"https:\/\/a-hike.ch\/de\/wp-json\/wp\/v2\/types\/product"}],"wp:featuredmedia":[{"embeddable":true,"href":"https:\/\/a-hike.ch\/de\/wp-json\/wp\/v2\/media\/3403"}],"wp:attachment":[{"href":"https:\/\/a-hike.ch\/de\/wp-json\/wp\/v2\/media?parent=4174"}],"wp:term":[{"taxonomy":"time_category","embeddable":true,"href":"https:\/\/a-hike.ch\/de\/wp-json\/wp\/v2\/time_category?post=4174"},{"taxonomy":"price_category","embeddable":true,"href":"https:\/\/a-hike.ch\/de\/wp-json\/wp\/v2\/price_category?post=4174"},{"taxonomy":"product_brand","embeddable":true,"href":"https:\/\/a-hike.ch\/de\/wp-json\/wp\/v2\/product_brand?post=4174"},{"taxonomy":"product_cat","embeddable":true,"href":"https:\/\/a-hike.ch\/de\/wp-json\/wp\/v2\/product_cat?post=4174"},{"taxonomy":"product_tag","embeddable":true,"href":"https:\/\/a-hike.ch\/de\/wp-json\/wp\/v2\/product_tag?post=4174"}],"curies":[{"name":"wp","href":"https:\/\/api.w.org\/{rel}","templated":true}]}}