{"id":768,"date":"2023-02-27T11:07:03","date_gmt":"2023-02-27T10:07:03","guid":{"rendered":"https:\/\/hawai.li\/a-hike\/product\/alpes-occidentales-a-pied-vers-la-mediterranee-2-pn-de-la-vanoisen\/"},"modified":"2024-05-29T06:23:24","modified_gmt":"2024-05-29T04:23:24","slug":"westalpen-zu-fuss-ans-mittelmeer-2-pn-de-la-vanoise","status":"publish","type":"product","link":"https:\/\/a-hike.ch\/de\/produkt\/westalpen-zu-fuss-ans-mittelmeer-2-pn-de-la-vanoise\/","title":{"rendered":"Westalpen, zu Fuss ans Mittelmeer 2: NP La Vanoise"},"content":{"rendered":"<p>Der Nationalpark Vanoise erstreckt sich zwischen den T\u00e4lern der Is\u00e8re und des Arc. Entlang der Flanken der Dreitausendf\u00fcnfhundertmetergipfel Grande Casse, D\u00f4me de l&#8217;Arpont, Dent Parrach\u00e9e und Pointe de l&#8217;\u00c9chelle offenbart sich eine Vielzahl an botanischen, geologischen und glazialen Sehensw\u00fcrdigkeiten.<br \/>\nDer H\u00f6henweg, der sich zwischen 2000 und 2700 m H\u00f6he befindet und manchmal Trittsicherheit erfordert, um Ger\u00f6ll oder Bl\u00f6cke zu \u00fcberqueren, bietet st\u00e4ndig wechselnde Tiefblicke und f\u00fchrt uns von H\u00fctte zu H\u00fctte.<\/p>\n","protected":false},"excerpt":{"rendered":"<p>Auf dieser zweiten Etappe werden wir den Nationalpark Vanoise entdecken.<\/p>\n","protected":false},"featured_media":379,"template":"","meta":{"_acf_changed":false},"time_category":[84],"price_category":[88],"product_brand":[],"product_cat":[61],"product_tag":[],"class_list":{"0":"post-768","1":"product","2":"type-product","3":"status-publish","4":"has-post-thumbnail","6":"time_category-randonnee-itinerante-4-a-7-nuits-de","7":"price_category-1500-et-plus-de","8":"product_cat-wanderungen-treks","10":"first","11":"outofstock","12":"shipping-taxable","13":"purchasable","14":"product-type-simple"},"acf":[],"_links":{"self":[{"href":"https:\/\/a-hike.ch\/de\/wp-json\/wp\/v2\/product\/768","targetHints":{"allow":["GET"]}}],"collection":[{"href":"https:\/\/a-hike.ch\/de\/wp-json\/wp\/v2\/product"}],"about":[{"href":"https:\/\/a-hike.ch\/de\/wp-json\/wp\/v2\/types\/product"}],"wp:featuredmedia":[{"embeddable":true,"href":"https:\/\/a-hike.ch\/de\/wp-json\/wp\/v2\/media\/379"}],"wp:attachment":[{"href":"https:\/\/a-hike.ch\/de\/wp-json\/wp\/v2\/media?parent=768"}],"wp:term":[{"taxonomy":"time_category","embeddable":true,"href":"https:\/\/a-hike.ch\/de\/wp-json\/wp\/v2\/time_category?post=768"},{"taxonomy":"price_category","embeddable":true,"href":"https:\/\/a-hike.ch\/de\/wp-json\/wp\/v2\/price_category?post=768"},{"taxonomy":"product_brand","embeddable":true,"href":"https:\/\/a-hike.ch\/de\/wp-json\/wp\/v2\/product_brand?post=768"},{"taxonomy":"product_cat","embeddable":true,"href":"https:\/\/a-hike.ch\/de\/wp-json\/wp\/v2\/product_cat?post=768"},{"taxonomy":"product_tag","embeddable":true,"href":"https:\/\/a-hike.ch\/de\/wp-json\/wp\/v2\/product_tag?post=768"}],"curies":[{"name":"wp","href":"https:\/\/api.w.org\/{rel}","templated":true}]}}